{"id":3401,"date":"2025-07-10T15:45:30","date_gmt":"2025-07-10T13:45:30","guid":{"rendered":"https:\/\/sealife-cameras.eu\/?post_type=product&#038;p=3401"},"modified":"2025-08-07T12:29:57","modified_gmt":"2025-08-07T10:29:57","slug":"sportdiver-s-smartphone-behuizing","status":"publish","type":"product","link":"https:\/\/sealife-cameras.eu\/pt\/produto\/sportdiver-s-smartphone-behuizing\/","title":{"rendered":"Caixa para smartphone SportDiver S"},"content":{"rendered":"<p>Capa para smartphone SportDiver S.<br \/>\nN.\u00ba do produto SL408<\/p>\n<p><strong>Conhe\u00e7a a SportDiver S, a capa para smartphone subaqu\u00e1tica concebida para mergulhadores e praticantes de snorkel de todos os n\u00edveis<\/strong>. Esta caixa vem juntar-se \u00e0 SportDiver ULTRA j\u00e1 existente na cole\u00e7\u00e3o. A caixa compacta \u00e9 garantidamente estanque at\u00e9 30 metros de profundidade e oferece v\u00e1rias actualiza\u00e7\u00f5es em rela\u00e7\u00e3o ao modelo SportDiver original, sendo que a vers\u00e3o \"S\" \u00e9 compat\u00edvel com todos os modelos de iPhone, incluindo os formatos Max, bem como com muitos smartphones Android.<\/p>\n<p><strong>O SportDiver S foi concebido para uma fiabilidade absoluta e facilidade de utiliza\u00e7\u00e3o<\/strong> e permite que mergulhadores e praticantes de snorkeling tirem fotografias e fa\u00e7am v\u00eddeos impressionantes com os seus smartphones. Fabricada em policarbonato de alta qualidade, a\u00e7o inoxid\u00e1vel, alum\u00ednio anodizado duro e vidro de qualidade \u00f3tica, a caixa pesa apenas 641 gramas em terra e tem uma flutuabilidade quase neutra debaixo de \u00e1gua (dependendo do smartphone utilizado).<\/p>\n<p><strong>O SportDiver S foi concebido ergonomicamente para ser confort\u00e1vel e muito f\u00e1cil de utilizar. <\/strong>O corpo possui um bot\u00e3o de impress\u00e3o grande e bot\u00f5es de controlo facilmente acess\u00edveis na parte de tr\u00e1s, permitindo uma opera\u00e7\u00e3o sem esfor\u00e7o, mesmo com luvas de mergulho. Os fot\u00f3grafos, mergulhadores e praticantes de snorkelling podem aumentar a sua criatividade utilizando defini\u00e7\u00f5es avan\u00e7adas da c\u00e2mara, como o controlo do zoom, o ajuste da exposi\u00e7\u00e3o, a focagem autom\u00e1tica\/manual, o equil\u00edbrio de brancos, a sele\u00e7\u00e3o da objetiva, o modo RAW + JPEG e muito mais, dependendo do modelo do telem\u00f3vel.<\/p>\n<p><strong>Mergulhar com um smartphone nunca foi t\u00e3o f\u00e1cil!\u00a0<\/strong>O SportDiver S inclui v\u00e1rias gera\u00e7\u00f5es para garantir uma experi\u00eancia agrad\u00e1vel de mergulho e snorkelling com mem\u00f3rias que guardar\u00e1 para sempre.<\/p>\n<p><strong>A caixa SportDiver S funciona com a aplica\u00e7\u00e3o de c\u00e2mara SportDiver gratuita<\/strong>dispon\u00edvel para as plataformas Android e iOS. Quando combinada com a caixa, a aplica\u00e7\u00e3o transforma um smartphone numa c\u00e2mara subaqu\u00e1tica de elevada capacidade e alterna facilmente entre os modos de fotografia e v\u00eddeo, utilizando a tecnologia de c\u00e2mara nativa do smartphone para proporcionar fotografias e v\u00eddeos de elevada qualidade a que os utilizadores est\u00e3o habituados. Al\u00e9m disso, o modo de poupan\u00e7a de energia da aplica\u00e7\u00e3o desliga temporariamente a c\u00e2mara e escurece o ecr\u00e3, prolongando a vida \u00fatil da bateria e fazendo com que o conjunto volte ao ativo com o toque de um bot\u00e3o.<\/p>\n<p><strong>A SeaLife oferece filtros e lentes opcionais<\/strong> e uma montagem de objetiva de 52 mm\/67 mm para expandir ainda mais a criatividade de imagem dos mergulhadores.\u00a0<strong>Concebida para maior leveza e versatilidade<\/strong>, O <strong>A caixa do SportDiver S possui tr\u00eas op\u00e7\u00f5es de montagem em trip\u00e9 1\/4-20, facilitando a sua utiliza\u00e7\u00e3o com o FlexConnect \/ SeaDragon <\/strong>luzes de foto\/v\u00eddeo. Para obter os melhores resultados, a SeaLife recomenda sempre a utiliza\u00e7\u00e3o de uma luz subaqu\u00e1tica ao mergulhar com o SportDiver S.<\/p>\n<p><strong>Para garantir a compatibilidade, consulte primeiro o guia de instala\u00e7\u00e3o para determinar se o modelo de telem\u00f3vel relevante se adapta \u00e0 caixa do SportDiver S<\/strong>.<\/p>\n<p><strong><u>Inclu\u00eddo com o SeaLife SportDiver S, modelo SL408: <\/u><\/strong><br \/>\nCapa subaqu\u00e1tica para smartphone SportDiver S<br \/>\nTr\u00eas suportes de acess\u00f3rios 1\/4-20 (para luzes, placas de base e pegas)<br \/>\nBomba de v\u00e1cuo<br \/>\nSeparadores de borracha (12x pequeno, 12x m\u00e9dio e 12x grande)<br \/>\nAn\u00e9is de veda\u00e7\u00e3o sobressalentes (1x anel de veda\u00e7\u00e3o principal e anel de veda\u00e7\u00e3o da porta de controlo de v\u00e1cuo)<br \/>\nLubrificante para an\u00e9is de veda\u00e7\u00e3o<br \/>\nFerramenta de remo\u00e7\u00e3o do O-ring<br \/>\nTiras antirreflexo (3)<br \/>\nEmbalagem de degusta\u00e7\u00e3o Moister Muncher (1 c\u00e1psula)<br \/>\nPilhas alcalinas AAA (2)<br \/>\nBolsa de viagem SportDiver S<br \/>\nBracelete de pulso<\/p>","protected":false},"excerpt":{"rendered":"<p>Capa para smartphone SportDiver S.<br \/>\nN.\u00ba do produto SL408<\/p>\n<p><strong>Conhe\u00e7a a SportDiver S, a capa para smartphone subaqu\u00e1tica concebida para mergulhadores e praticantes de snorkel de todos os n\u00edveis<\/strong>. Esta caixa vem juntar-se \u00e0 SportDiver ULTRA j\u00e1 existente na cole\u00e7\u00e3o. A caixa compacta \u00e9 garantidamente estanque at\u00e9 30 metros de profundidade e oferece v\u00e1rias actualiza\u00e7\u00f5es em rela\u00e7\u00e3o ao modelo SportDiver original, sendo que a vers\u00e3o \"S\" \u00e9 compat\u00edvel com todos os modelos de iPhone, incluindo os formatos Max, bem como com muitos smartphones Android.<\/p>\n<p><strong>O SportDiver S foi concebido para uma fiabilidade absoluta e facilidade de utiliza\u00e7\u00e3o<\/strong> e permite que mergulhadores e praticantes de snorkeling tirem fotografias e fa\u00e7am v\u00eddeos impressionantes com os seus smartphones. Fabricada em policarbonato de alta qualidade, a\u00e7o inoxid\u00e1vel, alum\u00ednio anodizado duro e vidro de qualidade \u00f3tica, a caixa pesa apenas 641 gramas em terra e tem uma flutuabilidade quase neutra debaixo de \u00e1gua (dependendo do smartphone utilizado).<\/p>\n<p><strong>O SportDiver S foi concebido ergonomicamente para ser confort\u00e1vel e muito f\u00e1cil de utilizar. <\/strong>O corpo possui um bot\u00e3o de impress\u00e3o grande e bot\u00f5es de controlo facilmente acess\u00edveis na parte de tr\u00e1s, permitindo uma opera\u00e7\u00e3o sem esfor\u00e7o, mesmo com luvas de mergulho. Os fot\u00f3grafos, mergulhadores e praticantes de snorkelling podem aumentar a sua criatividade utilizando defini\u00e7\u00f5es avan\u00e7adas da c\u00e2mara, como o controlo do zoom, o ajuste da exposi\u00e7\u00e3o, a focagem autom\u00e1tica\/manual, o equil\u00edbrio de brancos, a sele\u00e7\u00e3o da objetiva, o modo RAW + JPEG e muito mais, dependendo do modelo do telem\u00f3vel.<\/p>\n<p><strong>Mergulhar com um smartphone nunca foi t\u00e3o f\u00e1cil!\u00a0<\/strong>O SportDiver S inclui v\u00e1rias gera\u00e7\u00f5es para garantir uma experi\u00eancia agrad\u00e1vel de mergulho e snorkelling com mem\u00f3rias que guardar\u00e1 para sempre.<\/p>\n<p><strong>A caixa SportDiver S funciona com a aplica\u00e7\u00e3o de c\u00e2mara SportDiver gratuita<\/strong>dispon\u00edvel para as plataformas Android e iOS. Quando combinada com a caixa, a aplica\u00e7\u00e3o transforma um smartphone numa c\u00e2mara subaqu\u00e1tica de elevada capacidade e alterna facilmente entre os modos de fotografia e v\u00eddeo, utilizando a tecnologia de c\u00e2mara nativa do smartphone para proporcionar fotografias e v\u00eddeos de elevada qualidade a que os utilizadores est\u00e3o habituados. Al\u00e9m disso, o modo de poupan\u00e7a de energia da aplica\u00e7\u00e3o desliga temporariamente a c\u00e2mara e escurece o ecr\u00e3, prolongando a vida \u00fatil da bateria e fazendo com que o conjunto volte ao ativo com o toque de um bot\u00e3o.<\/p>\n<p><strong>A SeaLife oferece filtros e lentes opcionais<\/strong> e uma montagem de objetiva de 52 mm\/67 mm para expandir ainda mais a criatividade de imagem dos mergulhadores.\u00a0<strong>Concebida para maior leveza e versatilidade<\/strong>, O <strong>A caixa do SportDiver S possui tr\u00eas op\u00e7\u00f5es de montagem em trip\u00e9 1\/4-20, facilitando a sua utiliza\u00e7\u00e3o com o FlexConnect \/ SeaDragon <\/strong>luzes de foto\/v\u00eddeo. Para obter os melhores resultados, a SeaLife recomenda sempre a utiliza\u00e7\u00e3o de uma luz subaqu\u00e1tica ao mergulhar com o SportDiver S.<\/p>\n<p><strong>Para garantir a compatibilidade, consulte primeiro o guia de instala\u00e7\u00e3o para determinar se o modelo de telem\u00f3vel relevante se adapta \u00e0 caixa do SportDiver S<\/strong>.<\/p>\n<p><strong><u>Inclu\u00eddo com o SeaLife SportDiver S, modelo SL408: <\/u><\/strong><br \/>\nCapa subaqu\u00e1tica para smartphone SportDiver S<br \/>\nTr\u00eas suportes de acess\u00f3rios 1\/4-20 (para luzes, placas de base e pegas)<br \/>\nBomba de v\u00e1cuo<br \/>\nSeparadores de borracha (12x pequeno, 12x m\u00e9dio e 12x grande)<br \/>\nAn\u00e9is de veda\u00e7\u00e3o sobressalentes (1x anel de veda\u00e7\u00e3o principal e anel de veda\u00e7\u00e3o da porta de controlo de v\u00e1cuo)<br \/>\nLubrificante para an\u00e9is de veda\u00e7\u00e3o<br \/>\nFerramenta de remo\u00e7\u00e3o do O-ring<br \/>\nTiras antirreflexo (3)<br \/>\nEmbalagem de degusta\u00e7\u00e3o Moister Muncher (1 c\u00e1psula)<br \/>\nPilhas alcalinas AAA (2)<br \/>\nBolsa de viagem SportDiver S<br \/>\nBracelete de pulso<\/p>\n<p>&nbsp;<\/p>\n<p>&nbsp;<\/p>","protected":false},"featured_media":3481,"comment_status":"open","ping_status":"closed","template":"","meta":{"_acf_changed":false},"product_brand":[],"product_cat":[387],"product_tag":[451,282,146,168,252,377,379,454,237,380],"class_list":{"0":"post-3401","1":"product","2":"type-product","3":"status-publish","4":"has-post-thumbnail","6":"product_cat-cameras-en-behuizing","7":"product_tag-cases","8":"product_tag-diving","9":"product_tag-fotografie","10":"product_tag-onderwater","11":"product_tag-onderwaterwereld","12":"product_tag-photography","13":"product_tag-sealife","14":"product_tag-sportdiver","15":"product_tag-underwater","16":"product_tag-universal","18":"first","19":"instock","20":"featured","21":"shipping-taxable","22":"product-type-simple"},"acf":[],"_links":{"self":[{"href":"https:\/\/sealife-cameras.eu\/pt\/wp-json\/wp\/v2\/product\/3401","targetHints":{"allow":["GET"]}}],"collection":[{"href":"https:\/\/sealife-cameras.eu\/pt\/wp-json\/wp\/v2\/product"}],"about":[{"href":"https:\/\/sealife-cameras.eu\/pt\/wp-json\/wp\/v2\/types\/product"}],"replies":[{"embeddable":true,"href":"https:\/\/sealife-cameras.eu\/pt\/wp-json\/wp\/v2\/comments?post=3401"}],"wp:featuredmedia":[{"embeddable":true,"href":"https:\/\/sealife-cameras.eu\/pt\/wp-json\/wp\/v2\/media\/3481"}],"wp:attachment":[{"href":"https:\/\/sealife-cameras.eu\/pt\/wp-json\/wp\/v2\/media?parent=3401"}],"wp:term":[{"taxonomy":"product_brand","embeddable":true,"href":"https:\/\/sealife-cameras.eu\/pt\/wp-json\/wp\/v2\/product_brand?post=3401"},{"taxonomy":"product_cat","embeddable":true,"href":"https:\/\/sealife-cameras.eu\/pt\/wp-json\/wp\/v2\/product_cat?post=3401"},{"taxonomy":"product_tag","embeddable":true,"href":"https:\/\/sealife-cameras.eu\/pt\/wp-json\/wp\/v2\/product_tag?post=3401"}],"curies":[{"name":"wp","href":"https:\/\/api.w.org\/{rel}","templated":true}]}}