{"id":15,"date":"2024-01-18T19:55:51","date_gmt":"2024-01-18T19:55:51","guid":{"rendered":"https:\/\/eager-benz.45-82-188-209.plesk.page\/?page_id=15"},"modified":"2024-05-08T14:15:57","modified_gmt":"2024-05-08T12:15:57","slug":"testimonials","status":"publish","type":"page","link":"https:\/\/sealife-cameras.eu\/sv\/testimonials\/","title":{"rendered":"Ambassad\u00f6rer"},"content":{"rendered":"\t\t<div data-elementor-type=\"wp-page\" data-elementor-id=\"15\" class=\"elementor elementor-15\" data-elementor-post-type=\"page\">\n\t\t\t\t\t\t<div class=\"has_ae_slider elementor-section elementor-top-section elementor-element elementor-element-250b420 elementor-section-boxed elementor-section-height-default elementor-section-height-default ae-bg-gallery-type-default\" data-id=\"250b420\" data-element_type=\"section\" data-e-type=\"section\" data-settings=\"{&quot;background_background&quot;:&quot;classic&quot;}\">\n\t\t\t\t\t\t<div class=\"elementor-container elementor-column-gap-no\">\n\t\t\t\t\t<div class=\"has_ae_slider elementor-column elementor-col-100 elementor-top-column elementor-element elementor-element-ac2f4c0 ae-bg-gallery-type-default\" data-id=\"ac2f4c0\" data-element_type=\"column\" data-e-type=\"column\">\n\t\t\t<div class=\"elementor-widget-wrap elementor-element-populated\">\n\t\t\t\t\t\t<div class=\"elementor-element elementor-element-912042d elementor-widget elementor-widget-spacer\" data-id=\"912042d\" data-element_type=\"widget\" data-e-type=\"widget\" data-widget_type=\"spacer.default\">\n\t\t\t\t<div class=\"elementor-widget-container\">\n\t\t\t\t\t\t\t<div class=\"elementor-spacer\">\n\t\t\t<div class=\"elementor-spacer-inner\"><\/div>\n\t\t<\/div>\n\t\t\t\t\t\t<\/div>\n\t\t\t\t<\/div>\n\t\t\t\t<div class=\"elementor-element elementor-element-e29fa39 elementor-widget__width-initial elementor-widget-tablet__width-initial elementor-widget-mobile__width-inherit elementor-widget elementor-widget-heading\" data-id=\"e29fa39\" data-element_type=\"widget\" data-e-type=\"widget\" data-widget_type=\"heading.default\">\n\t\t\t\t<div class=\"elementor-widget-container\">\n\t\t\t\t\t<h2 class=\"elementor-heading-title elementor-size-default\">Ambassadeurs<\/h2>\t\t\t\t<\/div>\n\t\t\t\t<\/div>\n\t\t\t\t<div class=\"elementor-element elementor-element-a3d4a22 elementor-widget elementor-widget-spacer\" data-id=\"a3d4a22\" data-element_type=\"widget\" data-e-type=\"widget\" data-widget_type=\"spacer.default\">\n\t\t\t\t<div class=\"elementor-widget-container\">\n\t\t\t\t\t\t\t<div class=\"elementor-spacer\">\n\t\t\t<div class=\"elementor-spacer-inner\"><\/div>\n\t\t<\/div>\n\t\t\t\t\t\t<\/div>\n\t\t\t\t<\/div>\n\t\t<div class=\"has_ae_slider elementor-element elementor-element-54c956c e-flex e-con-boxed ae-bg-gallery-type-default e-con e-parent\" data-id=\"54c956c\" data-element_type=\"container\" data-e-type=\"container\">\n\t\t\t\t\t<div class=\"e-con-inner\">\n\t\t\t\t<div class=\"elementor-element elementor-element-1801fba elementor-widget__width-initial elementor-widget-tablet__width-initial elementor-widget-mobile__width-inherit elementor-widget elementor-widget-text-editor\" data-id=\"1801fba\" data-element_type=\"widget\" data-e-type=\"widget\" data-widget_type=\"text-editor.default\">\n\t\t\t\t<div class=\"elementor-widget-container\">\n\t\t\t\t\t\t\t\t\t<p>Een overzicht van al onze trotse Ambassadeurs<\/p>\t\t\t\t\t\t\t\t<\/div>\n\t\t\t\t<\/div>\n\t\t\t\t\t<\/div>\n\t\t\t\t<\/div>\n\t\t\t\t<div class=\"facetwp-template facetwp-elementor-widget elementor-element elementor-element-107341e elementor-grid-3 elementor-grid-tablet-2 elementor-grid-mobile-1 elementor-widget elementor-widget-loop-grid\" data-id=\"107341e\" data-element_type=\"widget\" data-e-type=\"widget\" data-settings=\"{&quot;template_id&quot;:&quot;1787&quot;,&quot;_skin&quot;:&quot;post&quot;,&quot;columns&quot;:&quot;3&quot;,&quot;columns_tablet&quot;:&quot;2&quot;,&quot;columns_mobile&quot;:&quot;1&quot;,&quot;edit_handle_selector&quot;:&quot;[data-elementor-type=\\&quot;loop-item\\&quot;]&quot;,&quot;row_gap&quot;:{&quot;unit&quot;:&quot;px&quot;,&quot;size&quot;:&quot;&quot;,&quot;sizes&quot;:[]},&quot;row_gap_tablet&quot;:{&quot;unit&quot;:&quot;px&quot;,&quot;size&quot;:&quot;&quot;,&quot;sizes&quot;:[]},&quot;row_gap_mobile&quot;:{&quot;unit&quot;:&quot;px&quot;,&quot;size&quot;:&quot;&quot;,&quot;sizes&quot;:[]}}\" data-widget_type=\"loop-grid.post\">\n\t\t\t\t<div class=\"elementor-widget-container\">\n\t\t\t\t\t\t\t<div class=\"elementor-loop-container elementor-grid\" role=\"list\">\n\t\t<style id=\"loop-1787\">.elementor-1787 .elementor-element.elementor-element-5cf8f156 > .elementor-widget-wrap > .elementor-widget:not(.elementor-widget__width-auto):not(.elementor-widget__width-initial):not(:last-child):not(.elementor-absolute){margin-block-end:15px;}.elementor-1787 .elementor-element.elementor-element-5cf8f156:not(.elementor-motion-effects-element-type-background) > .elementor-widget-wrap, .elementor-1787 .elementor-element.elementor-element-5cf8f156 > .elementor-widget-wrap > .elementor-motion-effects-container > .elementor-motion-effects-layer{background-color:var( --e-global-color-uicore_white );}.elementor-1787 .elementor-element.elementor-element-5cf8f156 > .elementor-element-populated{border-style:solid;border-width:1px 1px 1px 1px;border-color:#B2B4B93B;transition:background 0.3s, border 0.3s, border-radius 0.3s, box-shadow 0.3s;margin:10px 10px 10px 10px;--e-column-margin-right:10px;--e-column-margin-left:10px;padding:32px 32px 32px 32px;}.elementor-1787 .elementor-element.elementor-element-5cf8f156 > .elementor-element-populated, .elementor-1787 .elementor-element.elementor-element-5cf8f156 > .elementor-element-populated > .elementor-background-overlay, .elementor-1787 .elementor-element.elementor-element-5cf8f156 > .elementor-background-slideshow{border-radius:16px 16px 16px 16px;}.elementor-1787 .elementor-element.elementor-element-5cf8f156 > .elementor-element-populated > .elementor-background-overlay{transition:background 0.3s, border-radius 0.3s, opacity 0.3s;}.elementor-1787 .elementor-element.elementor-element-5317b46c img{width:100%;height:250px;object-fit:cover;object-position:top center;}.elementor-1787 .elementor-element.elementor-element-5317b46c > .elementor-widget-container{margin:0% 0% 5% 0%;}.elementor-1787 .elementor-element.elementor-element-1dad2be5 .elementor-button{fill:var( --e-global-color-uicore_light );color:var( --e-global-color-uicore_light );background-color:var( --e-global-color-uicore_primary );}@media(max-width:1024px){.elementor-1787 .elementor-element.elementor-element-5cf8f156 > .elementor-element-populated, .elementor-1787 .elementor-element.elementor-element-5cf8f156 > .elementor-element-populated > .elementor-background-overlay, .elementor-1787 .elementor-element.elementor-element-5cf8f156 > .elementor-background-slideshow{border-radius:14px 14px 14px 14px;}.elementor-1787 .elementor-element.elementor-element-5cf8f156 > .elementor-element-populated{padding:19px 24px 24px 24px;}}@media(max-width:767px){.elementor-1787 .elementor-element.elementor-element-5cf8f156 > .elementor-element-populated, .elementor-1787 .elementor-element.elementor-element-5cf8f156 > .elementor-element-populated > .elementor-background-overlay, .elementor-1787 .elementor-element.elementor-element-5cf8f156 > .elementor-background-slideshow{border-radius:12px 12px 12px 12px;}.elementor-1787 .elementor-element.elementor-element-5cf8f156 > .elementor-element-populated{padding:6px 24px 24px 24px;}}<\/style>\t\t<div data-elementor-type=\"loop-item\" data-elementor-id=\"1787\" class=\"elementor elementor-1787 e-loop-item e-loop-item-1743 post-1743 ambassadeur type-ambassadeur status-publish has-post-thumbnail hentry\" data-elementor-post-type=\"elementor_library\" data-custom-edit-handle=\"1\">\n\t\t\t\t\t<section class=\"has_ae_slider elementor-section elementor-top-section elementor-element elementor-element-78de3c3b elementor-section-full_width elementor-section-height-default elementor-section-height-default ae-bg-gallery-type-default\" data-id=\"78de3c3b\" data-element_type=\"section\" data-e-type=\"section\">\n\t\t\t\t\t\t<div class=\"elementor-container elementor-column-gap-default\">\n\t\t\t\t\t<div class=\"has_ae_slider elementor-column elementor-col-100 elementor-top-column elementor-element elementor-element-5cf8f156 ae-bg-gallery-type-default\" data-id=\"5cf8f156\" data-element_type=\"column\" data-e-type=\"column\" data-settings=\"{&quot;background_background&quot;:&quot;classic&quot;}\">\n\t\t\t<div class=\"elementor-widget-wrap elementor-element-populated\">\n\t\t\t\t\t\t<div class=\"elementor-element elementor-element-5317b46c elementor-widget elementor-widget-image\" data-id=\"5317b46c\" data-element_type=\"widget\" data-e-type=\"widget\" data-widget_type=\"image.default\">\n\t\t\t\t<div class=\"elementor-widget-container\">\n\t\t\t\t\t\t\t\t\t\t\t\t\t\t\t<img fetchpriority=\"high\" decoding=\"async\" width=\"1000\" height=\"667\" src=\"https:\/\/sealife-cameras.eu\/wp-content\/uploads\/2024\/05\/IMG_6055-1-1024x683.jpg\" class=\"attachment-large size-large wp-image-1749\" alt=\"\" srcset=\"https:\/\/sealife-cameras.eu\/wp-content\/uploads\/2024\/05\/IMG_6055-1-1024x683.jpg 1024w, https:\/\/sealife-cameras.eu\/wp-content\/uploads\/2024\/05\/IMG_6055-1-600x400.jpg 600w, https:\/\/sealife-cameras.eu\/wp-content\/uploads\/2024\/05\/IMG_6055-1-300x200.jpg 300w, https:\/\/sealife-cameras.eu\/wp-content\/uploads\/2024\/05\/IMG_6055-1-768x512.jpg 768w, https:\/\/sealife-cameras.eu\/wp-content\/uploads\/2024\/05\/IMG_6055-1-1536x1024.jpg 1536w, https:\/\/sealife-cameras.eu\/wp-content\/uploads\/2024\/05\/IMG_6055-1-650x433.jpg 650w, https:\/\/sealife-cameras.eu\/wp-content\/uploads\/2024\/05\/IMG_6055-1.jpg 1728w\" sizes=\"(max-width: 1000px) 100vw, 1000px\" \/>\t\t\t\t\t\t\t\t\t\t\t\t\t\t\t<\/div>\n\t\t\t\t<\/div>\n\t\t\t\t<div class=\"elementor-element elementor-element-463d92c9 elementor-widget elementor-widget-heading\" data-id=\"463d92c9\" data-element_type=\"widget\" data-e-type=\"widget\" data-widget_type=\"heading.default\">\n\t\t\t\t<div class=\"elementor-widget-container\">\n\t\t\t\t\t<h3 class=\"elementor-heading-title elementor-size-default\">Pim Valk<\/h3>\t\t\t\t<\/div>\n\t\t\t\t<\/div>\n\t\t\t\t<div class=\"elementor-element elementor-element-62ec3609 elementor-widget elementor-widget-text-editor\" data-id=\"62ec3609\" data-element_type=\"widget\" data-e-type=\"widget\" data-widget_type=\"text-editor.default\">\n\t\t\t\t<div class=\"elementor-widget-container\">\n\t\t\t\t\t\t\t\t\t<p>Pim is een geboren en getogen Rotterdammert die \u201cpas\u201d een kleine 10 jaar duikt, maar in die 10 jaar heeft hij zeker niet stilgezeten.<\/p>\n\t\t\t\t\t\t\t\t<\/div>\n\t\t\t\t<\/div>\n\t\t\t\t<div class=\"elementor-element elementor-element-1dad2be5 elementor-widget elementor-widget-button\" data-id=\"1dad2be5\" data-element_type=\"widget\" data-e-type=\"widget\" data-widget_type=\"button.default\">\n\t\t\t\t<div class=\"elementor-widget-container\">\n\t\t\t\t\t\t\t\t\t<div class=\"elementor-button-wrapper\">\n\t\t\t\t\t<a class=\"elementor-button elementor-button-link elementor-size-sm\" href=\"https:\/\/sealife-cameras.eu\/sv\/ambassadeur\/pim-valk\/\">\n\t\t\t\t\t\t<span class=\"elementor-button-content-wrapper\">\n\t\t\t\t\t\t\t\t\t<span class=\"elementor-button-text\">Lees verder<\/span>\n\t\t\t\t\t<\/span>\n\t\t\t\t\t<\/a>\n\t\t\t\t<\/div>\n\t\t\t\t\t\t\t\t<\/div>\n\t\t\t\t<\/div>\n\t\t\t\t\t<\/div>\n\t\t<\/div>\n\t\t\t\t\t<\/div>\n\t\t<\/section>\n\t\t\t\t<\/div>\n\t\t\t\t<div data-elementor-type=\"loop-item\" data-elementor-id=\"1787\" class=\"elementor elementor-1787 e-loop-item e-loop-item-1750 post-1750 ambassadeur type-ambassadeur status-publish has-post-thumbnail hentry\" data-elementor-post-type=\"elementor_library\" data-custom-edit-handle=\"1\">\n\t\t\t\t\t<section class=\"has_ae_slider elementor-section elementor-top-section elementor-element elementor-element-78de3c3b elementor-section-full_width elementor-section-height-default elementor-section-height-default ae-bg-gallery-type-default\" data-id=\"78de3c3b\" data-element_type=\"section\" data-e-type=\"section\">\n\t\t\t\t\t\t<div class=\"elementor-container elementor-column-gap-default\">\n\t\t\t\t\t<div class=\"has_ae_slider elementor-column elementor-col-100 elementor-top-column elementor-element elementor-element-5cf8f156 ae-bg-gallery-type-default\" data-id=\"5cf8f156\" data-element_type=\"column\" data-e-type=\"column\" data-settings=\"{&quot;background_background&quot;:&quot;classic&quot;}\">\n\t\t\t<div class=\"elementor-widget-wrap elementor-element-populated\">\n\t\t\t\t\t\t<div class=\"elementor-element elementor-element-5317b46c elementor-widget elementor-widget-image\" data-id=\"5317b46c\" data-element_type=\"widget\" data-e-type=\"widget\" data-widget_type=\"image.default\">\n\t\t\t\t<div class=\"elementor-widget-container\">\n\t\t\t\t\t\t\t\t\t\t\t\t\t\t\t<img decoding=\"async\" width=\"1000\" height=\"813\" src=\"https:\/\/sealife-cameras.eu\/wp-content\/uploads\/2024\/05\/Profiel_foto_Willem_Versluis-scaled-1-1024x833.jpg\" class=\"attachment-large size-large wp-image-1764\" alt=\"\" srcset=\"https:\/\/sealife-cameras.eu\/wp-content\/uploads\/2024\/05\/Profiel_foto_Willem_Versluis-scaled-1-1024x833.jpg 1024w, https:\/\/sealife-cameras.eu\/wp-content\/uploads\/2024\/05\/Profiel_foto_Willem_Versluis-scaled-1-600x488.jpg 600w, https:\/\/sealife-cameras.eu\/wp-content\/uploads\/2024\/05\/Profiel_foto_Willem_Versluis-scaled-1-300x244.jpg 300w, https:\/\/sealife-cameras.eu\/wp-content\/uploads\/2024\/05\/Profiel_foto_Willem_Versluis-scaled-1-768x625.jpg 768w, https:\/\/sealife-cameras.eu\/wp-content\/uploads\/2024\/05\/Profiel_foto_Willem_Versluis-scaled-1-1536x1249.jpg 1536w, https:\/\/sealife-cameras.eu\/wp-content\/uploads\/2024\/05\/Profiel_foto_Willem_Versluis-scaled-1-2048x1666.jpg 2048w, https:\/\/sealife-cameras.eu\/wp-content\/uploads\/2024\/05\/Profiel_foto_Willem_Versluis-scaled-1-650x529.jpg 650w\" sizes=\"(max-width: 1000px) 100vw, 1000px\" \/>\t\t\t\t\t\t\t\t\t\t\t\t\t\t\t<\/div>\n\t\t\t\t<\/div>\n\t\t\t\t<div class=\"elementor-element elementor-element-463d92c9 elementor-widget elementor-widget-heading\" data-id=\"463d92c9\" data-element_type=\"widget\" data-e-type=\"widget\" data-widget_type=\"heading.default\">\n\t\t\t\t<div class=\"elementor-widget-container\">\n\t\t\t\t\t<h3 class=\"elementor-heading-title elementor-size-default\">Willem Versluis<\/h3>\t\t\t\t<\/div>\n\t\t\t\t<\/div>\n\t\t\t\t<div class=\"elementor-element elementor-element-62ec3609 elementor-widget elementor-widget-text-editor\" data-id=\"62ec3609\" data-element_type=\"widget\" data-e-type=\"widget\" data-widget_type=\"text-editor.default\">\n\t\t\t\t<div class=\"elementor-widget-container\">\n\t\t\t\t\t\t\t\t\t<p>Natuurfotografie deed Willem al, maar al vrij snel na het eerste duikbrevet is hij ook onderwater gaan fotograferen.<\/p>\n\t\t\t\t\t\t\t\t<\/div>\n\t\t\t\t<\/div>\n\t\t\t\t<div class=\"elementor-element elementor-element-1dad2be5 elementor-widget elementor-widget-button\" data-id=\"1dad2be5\" data-element_type=\"widget\" data-e-type=\"widget\" data-widget_type=\"button.default\">\n\t\t\t\t<div class=\"elementor-widget-container\">\n\t\t\t\t\t\t\t\t\t<div class=\"elementor-button-wrapper\">\n\t\t\t\t\t<a class=\"elementor-button elementor-button-link elementor-size-sm\" href=\"https:\/\/sealife-cameras.eu\/sv\/ambassadeur\/willem-versluis\/\">\n\t\t\t\t\t\t<span class=\"elementor-button-content-wrapper\">\n\t\t\t\t\t\t\t\t\t<span class=\"elementor-button-text\">Lees verder<\/span>\n\t\t\t\t\t<\/span>\n\t\t\t\t\t<\/a>\n\t\t\t\t<\/div>\n\t\t\t\t\t\t\t\t<\/div>\n\t\t\t\t<\/div>\n\t\t\t\t\t<\/div>\n\t\t<\/div>\n\t\t\t\t\t<\/div>\n\t\t<\/section>\n\t\t\t\t<\/div>\n\t\t\t\t<\/div>\n\t\t\n\t\t\t\t\t\t<\/div>\n\t\t\t\t<\/div>\n\t\t\t\t\t<\/div>\n\t\t<\/div>\n\t\t\t\t\t<\/div>\n\t\t<\/div>\n\t\t\t\t<\/div>\n\t\t","protected":false},"excerpt":{"rendered":"<p>Ambassad\u00f6rer En \u00f6versikt \u00f6ver alla v\u00e5ra stolta ambassad\u00f6rer<\/p>","protected":false},"author":1,"featured_media":0,"parent":0,"menu_order":0,"comment_status":"closed","ping_status":"closed","template":"","meta":{"_acf_changed":false,"footnotes":""},"class_list":["post-15","page","type-page","status-publish","hentry"],"acf":[],"_links":{"self":[{"href":"https:\/\/sealife-cameras.eu\/sv\/wp-json\/wp\/v2\/pages\/15","targetHints":{"allow":["GET"]}}],"collection":[{"href":"https:\/\/sealife-cameras.eu\/sv\/wp-json\/wp\/v2\/pages"}],"about":[{"href":"https:\/\/sealife-cameras.eu\/sv\/wp-json\/wp\/v2\/types\/page"}],"author":[{"embeddable":true,"href":"https:\/\/sealife-cameras.eu\/sv\/wp-json\/wp\/v2\/users\/1"}],"replies":[{"embeddable":true,"href":"https:\/\/sealife-cameras.eu\/sv\/wp-json\/wp\/v2\/comments?post=15"}],"version-history":[{"count":73,"href":"https:\/\/sealife-cameras.eu\/sv\/wp-json\/wp\/v2\/pages\/15\/revisions"}],"predecessor-version":[{"id":1807,"href":"https:\/\/sealife-cameras.eu\/sv\/wp-json\/wp\/v2\/pages\/15\/revisions\/1807"}],"wp:attachment":[{"href":"https:\/\/sealife-cameras.eu\/sv\/wp-json\/wp\/v2\/media?parent=15"}],"curies":[{"name":"wp","href":"https:\/\/api.w.org\/{rel}","templated":true}]}}