{"id":2004,"date":"2024-05-13T02:57:51","date_gmt":"2024-05-13T00:57:51","guid":{"rendered":"https:\/\/modest-cartwright.45-82-188-209.plesk.page\/?page_id=2004"},"modified":"2024-05-13T02:58:32","modified_gmt":"2024-05-13T00:58:32","slug":"retourbeleid","status":"publish","type":"page","link":"https:\/\/sealife-cameras.eu\/sv\/retourbeleid\/","title":{"rendered":"Returpolicy"},"content":{"rendered":"<div data-elementor-type=\"wp-page\" data-elementor-id=\"2004\" class=\"elementor elementor-2004\" data-elementor-post-type=\"page\">\n\t\t\t\t\t\t<section class=\"has_ae_slider elementor-section elementor-top-section elementor-element elementor-element-057ba27 elementor-section-boxed elementor-section-height-default elementor-section-height-default ae-bg-gallery-type-default\" data-id=\"057ba27\" data-element_type=\"section\" data-e-type=\"section\" data-settings=\"{&quot;background_background&quot;:&quot;classic&quot;}\">\n\t\t\t\t\t\t<div class=\"elementor-container elementor-column-gap-default\">\n\t\t\t\t\t<div class=\"has_ae_slider elementor-column elementor-col-100 elementor-top-column elementor-element elementor-element-d0bb494 ae-bg-gallery-type-default\" data-id=\"d0bb494\" data-element_type=\"column\" data-e-type=\"column\" data-settings=\"{&quot;background_background&quot;:&quot;classic&quot;}\">\n\t\t\t<div class=\"elementor-widget-wrap elementor-element-populated\">\n\t\t\t\t\t\t<div class=\"elementor-element elementor-element-9fdd789 elementor-widget elementor-widget-heading\" data-id=\"9fdd789\" data-element_type=\"widget\" data-e-type=\"widget\" data-widget_type=\"heading.default\">\n\t\t\t\t<div class=\"elementor-widget-container\">\n\t\t\t\t\t<h2 class=\"elementor-heading-title elementor-size-default\">Allm\u00e4nna villkor och anvisningar\n<\/h2>\t\t\t\t<\/div>\n\t\t\t\t<\/div>\n\t\t\t\t<div class=\"elementor-element elementor-element-669a265 elementor-widget elementor-widget-text-editor\" data-id=\"669a265\" data-element_type=\"widget\" data-e-type=\"widget\" data-widget_type=\"text-editor.default\">\n\t\t\t\t<div class=\"elementor-widget-container\">\n\t\t\t\t\t\t\t\t\t<p class=\"p1\"><b>Beg\u00e4ran om \u00e5terl\u00e4mnande<\/b><\/p><p class=\"p1\">Du har r\u00e4tt att fr\u00e5ntr\u00e4da avtalet inom 7 dagar utan att ange n\u00e5gra sk\u00e4l. \u00c5ngerfristen l\u00f6per ut 7 dagar fr\u00e5n den dag d\u00e5 du eller en tredje part som inte \u00e4r transport\u00f6ren och som du har angett f\u00e5r varorna i fysisk besittning. F\u00f6r att ut\u00f6va \u00e5ngerr\u00e4tten m\u00e5ste du informera oss om din \u00f6nskan att fr\u00e5ntr\u00e4da avtalet genom ett otvetydigt uttalande (t.ex. skriftligen, per post, fax eller e-post). F\u00f6r att iaktta \u00e5ngerfristen r\u00e4cker det att vi skickar ett meddelande till dig om att du ut\u00f6var din \u00e5ngerr\u00e4tt innan \u00e5ngerfristen har l\u00f6pt ut.<\/p><p class=\"p1\"><b>F\u00f6ljder av \u00e5terkallelse<\/b><\/p><p class=\"p1\">Om du fr\u00e5ntr\u00e4der avtalet kommer du att f\u00e5 tillbaka alla betalningar som du har gjort fram till den tidpunkten, inklusive leveranskostnader (med undantag f\u00f6r eventuella extra kostnader till f\u00f6ljd av ditt val av ett annat leveranss\u00e4tt \u00e4n den billigaste standardleverans som vi erbjuder) utan dr\u00f6jsm\u00e5l och under alla omst\u00e4ndigheter senast 7 dagar efter det att vi har informerats om ditt beslut att fr\u00e5ntr\u00e4da avtalet. Vi kommer att \u00e5terbetala dig med samma betalningsmedel som du anv\u00e4nde vid den ursprungliga transaktionen, s\u00e5vida du inte uttryckligen har kommit \u00f6verens om n\u00e5got annat; under alla omst\u00e4ndigheter kommer du inte att debiteras f\u00f6r s\u00e5dan \u00e5terbetalning. Vi kan v\u00e4nta med att \u00e5terbetala dig tills vi har f\u00e5tt tillbaka varorna eller tills du har bevisat att du har \u00e5ters\u00e4nt varorna, beroende p\u00e5 vilket som intr\u00e4ffar f\u00f6rst.\u00a0<\/p><p>Du ska omedelbart \u00e5ters\u00e4nda eller \u00f6verl\u00e4mna varorna till oss, dock senast inom 7 dagar fr\u00e5n den dag d\u00e5 du meddelade oss ditt beslut att fr\u00e5ntr\u00e4da avtalet. Du har \u00e5ters\u00e4nt varorna i tid om du \u00e5ters\u00e4nder varorna innan 7-dagarsfristen har l\u00f6pt ut. Du ska st\u00e5 f\u00f6r de direkta kostnaderna f\u00f6r att returnera varorna. Du \u00e4r endast ansvarig f\u00f6r varornas v\u00e4rdeminskning till f\u00f6ljd av anv\u00e4ndning av varorna ut\u00f6ver vad som \u00e4r n\u00f6dv\u00e4ndigt f\u00f6r att fastst\u00e4lla varornas art, egenskaper och funktion.\u00a0<\/p><p class=\"p1\"><b>Adress<\/b><br \/>N\u00e5got att returnera? T\u00e4nk ut en bra beskrivning av dina \u00f6nskem\u00e5l som t.ex. byte, retur eller reparation. Kontakta oss helst i f\u00f6rv\u00e4g. Detta f\u00f6r att undvika on\u00f6diga f\u00f6rs\u00e4ndelser och f\u00f6rseningar. Skicka paketet till:<\/p><p>Sealife Benelux BV<br \/>Industrigatan 6G\/R\u00f6d<br \/>3144CL Maassluis<\/p>\t\t\t\t\t\t\t\t<\/div>\n\t\t\t\t<\/div>\n\t\t\t\t\t<\/div>\n\t\t<\/div>\n\t\t\t\t\t<\/div>\n\t\t<\/section>\n\t\t\t\t<\/div>","protected":false},"excerpt":{"rendered":"<p>Algemene voorwaarden Retour aanvraag U heeft het recht om binnen een termijn van 7 dagen zonder opgave van redenen de overeenkomst te [&hellip;]<\/p>\n","protected":false},"author":1,"featured_media":0,"parent":0,"menu_order":0,"comment_status":"closed","ping_status":"closed","template":"","meta":{"_acf_changed":false,"footnotes":""},"class_list":["post-2004","page","type-page","status-publish","hentry"],"acf":[],"_links":{"self":[{"href":"https:\/\/sealife-cameras.eu\/sv\/wp-json\/wp\/v2\/pages\/2004","targetHints":{"allow":["GET"]}}],"collection":[{"href":"https:\/\/sealife-cameras.eu\/sv\/wp-json\/wp\/v2\/pages"}],"about":[{"href":"https:\/\/sealife-cameras.eu\/sv\/wp-json\/wp\/v2\/types\/page"}],"author":[{"embeddable":true,"href":"https:\/\/sealife-cameras.eu\/sv\/wp-json\/wp\/v2\/users\/1"}],"replies":[{"embeddable":true,"href":"https:\/\/sealife-cameras.eu\/sv\/wp-json\/wp\/v2\/comments?post=2004"}],"version-history":[{"count":4,"href":"https:\/\/sealife-cameras.eu\/sv\/wp-json\/wp\/v2\/pages\/2004\/revisions"}],"predecessor-version":[{"id":2008,"href":"https:\/\/sealife-cameras.eu\/sv\/wp-json\/wp\/v2\/pages\/2004\/revisions\/2008"}],"wp:attachment":[{"href":"https:\/\/sealife-cameras.eu\/sv\/wp-json\/wp\/v2\/media?parent=2004"}],"curies":[{"name":"wp","href":"https:\/\/api.w.org\/{rel}","templated":true}]}}