{"id":2343,"date":"2024-05-13T09:25:36","date_gmt":"2024-05-13T07:25:36","guid":{"rendered":"https:\/\/modest-cartwright.45-82-188-209.plesk.page\/?post_type=product&#038;p=2343"},"modified":"2025-01-10T10:46:47","modified_gmt":"2025-01-10T09:46:47","slug":"sea-dragon-3000-auto","status":"publish","type":"product","link":"https:\/\/sealife-cameras.eu\/sv\/produkt\/sea-dragon-3000-auto\/","title":{"rendered":"Sea Dragon 3000 Auto"},"content":{"rendered":"<p><em>Sea Dragon 3000 Auto<br \/>\nProduktnummer SL678<\/em><\/p>\n<p>DENNA VARA FINNS I BEGR\u00c4NSAT ANTAL.<\/p>\n<p><em><br \/>\nSea Dragon 3000 Auto levererar 3000 lumen med en j\u00e4mn och j\u00e4mn str\u00e5lvinkel p\u00e5 \u00f6ver 120\u00b0 utan hot spot. Tv\u00e5 r\u00f6da lysdioder avger en 88\u00b0 bred \"stealth mode\"-str\u00e5le som inte skr\u00e4mmer bort nattaktiva marina djur och som bevarar \u00f6gats naturliga m\u00f6rkerseende. Lampan drivs av ett uppladdningsbart 25Wh litiumjonbatteri och lyser i en timme vid 100% effekt med konstant ljusstyrka med sin nya COB LED 120\u00b0 str\u00e5lvinkel. Sea Dragon 3000 Autos automatiska blixtdetekteringsl\u00e4ge st\u00e4nger av lampan i en sekund n\u00e4r en extern blixt detekteras. Detta s\u00e4kerst\u00e4ller ett v\u00e4l exponerat foto och f\u00f6rhindrar skuggor i dina bilder. V\u00e4lj Auto Bright Mode och 3000-lampans fotocell styr automatiskt ljusstyrkan baserat p\u00e5 objektets n\u00e4rhet i 10 steg. Inkluderar Flex-Connect Single-fack, handtag och GoPro\u00ae-kameraadapter.<\/em><\/p>\n<p>Specifikationer<\/p>\n<p>Kraftfull COB LED-lampa med 3000 lumen<br \/>\nAutomatiskt ljusl\u00e4ge<br \/>\nAutomatisk blixtdetektering<br \/>\nDjupbed\u00f6mning upp till 330 ft \/ 100 m<br \/>\n120\u00b0 bred str\u00e5lningsvinkel<br \/>\nInklusive handtag och enkel l\u00e5da<br \/>\nFinns \u00e4ven som endast ljushuvud<\/p>","protected":false},"excerpt":{"rendered":"<p>Sea Dragon 3000 Auto Product Nr. SL678 DIT ITEM IS BEPERKT LEVERBAAR. De Sea Dragon 3000 Auto levert 3000 lumen met een [&hellip;]<\/p>\n","protected":false},"featured_media":2372,"comment_status":"closed","ping_status":"closed","template":"","meta":{"_acf_changed":false},"product_brand":[],"product_cat":[142],"product_tag":[152,282,146,213,168,252,377,378,379,237,380],"class_list":{"0":"post-2343","1":"product","2":"type-product","3":"status-publish","4":"has-post-thumbnail","6":"product_cat-foto-en-videolampen","7":"product_tag-camera","8":"product_tag-diving","9":"product_tag-fotografie","10":"product_tag-light","11":"product_tag-onderwater","12":"product_tag-onderwaterwereld","13":"product_tag-photography","14":"product_tag-sea-dragon","15":"product_tag-sealife","16":"product_tag-underwater","17":"product_tag-universal","18":"product_shipping_class-pakket","20":"first","21":"instock","22":"product-type-simple"},"acf":[],"_links":{"self":[{"href":"https:\/\/sealife-cameras.eu\/sv\/wp-json\/wp\/v2\/product\/2343","targetHints":{"allow":["GET"]}}],"collection":[{"href":"https:\/\/sealife-cameras.eu\/sv\/wp-json\/wp\/v2\/product"}],"about":[{"href":"https:\/\/sealife-cameras.eu\/sv\/wp-json\/wp\/v2\/types\/product"}],"replies":[{"embeddable":true,"href":"https:\/\/sealife-cameras.eu\/sv\/wp-json\/wp\/v2\/comments?post=2343"}],"wp:featuredmedia":[{"embeddable":true,"href":"https:\/\/sealife-cameras.eu\/sv\/wp-json\/wp\/v2\/media\/2372"}],"wp:attachment":[{"href":"https:\/\/sealife-cameras.eu\/sv\/wp-json\/wp\/v2\/media?parent=2343"}],"wp:term":[{"taxonomy":"product_brand","embeddable":true,"href":"https:\/\/sealife-cameras.eu\/sv\/wp-json\/wp\/v2\/product_brand?post=2343"},{"taxonomy":"product_cat","embeddable":true,"href":"https:\/\/sealife-cameras.eu\/sv\/wp-json\/wp\/v2\/product_cat?post=2343"},{"taxonomy":"product_tag","embeddable":true,"href":"https:\/\/sealife-cameras.eu\/sv\/wp-json\/wp\/v2\/product_tag?post=2343"}],"curies":[{"name":"wp","href":"https:\/\/api.w.org\/{rel}","templated":true}]}}