{"id":2350,"date":"2024-05-13T09:25:36","date_gmt":"2024-05-13T07:25:36","guid":{"rendered":"https:\/\/modest-cartwright.45-82-188-209.plesk.page\/?post_type=product&#038;p=2350"},"modified":"2024-08-20T12:42:50","modified_gmt":"2024-08-20T10:42:50","slug":"sea-dragon-fluoro-dual-beam","status":"publish","type":"product","link":"https:\/\/sealife-cameras.eu\/sv\/produkt\/sea-dragon-fluoro-dual-beam\/","title":{"rendered":"Sea Dragon Fluoro-Dual Beam"},"content":{"rendered":"<p><em>Sea Dragon Fluoro-Dual Beam<br \/>\nProduktnummer SL673<\/em><\/p>\n<p>Sea Dragon Fluoro-Dual Beam avger ett kraftfullt bl\u00e5tt ljus och har ett integrerat dichroiskt filter som skapar den optimala ljusv\u00e5gl\u00e4ngden f\u00f6r att stimulera det marina livet. Omkopplingsbara ljusk\u00e4glor kan snabbt justeras med en knapptryckning fr\u00e5n bl\u00e5 fluor 65\u00b0 spotlight till vit 800 lumen 15\u00b0 spot. Fluoro-Dual Beam inkluderar gula barri\u00e4rfilter (mask och lins) f\u00f6r att filtrera bort den \u00e5terst\u00e5ende bl\u00e5 f\u00e4rgen i ljuset.<\/p>\n<p>Specifikationer<\/p>\n<p>Utformad f\u00f6r avbildning och visning av fluor<br \/>\n65\u00b0 bl\u00e5 \/ dikroisk vidvinkelstr\u00e5le<br \/>\n26 watt\/m\u00b2 effekt<br \/>\nIntegrerat dichroiskt filter<br \/>\nVit ljuspunkt p\u00e5 800 lumen<br \/>\nAnv\u00e4ndning med en knapptryckning<br \/>\n60 minuters drifttid vid full effekt<br \/>\nDjupbed\u00f6mning upp till 330 ft \/ 100 m<\/p>","protected":false},"excerpt":{"rendered":"<p>Sea Dragon Fluoro-Dual Beam Product Nr. SL673 De Sea Dragon Fluoro-Dual Beam straalt krachtig blauw licht uit en heeft een ge\u00efntegreerd dichro\u00efsch [&hellip;]<\/p>\n","protected":false},"featured_media":2379,"comment_status":"closed","ping_status":"closed","template":"","meta":{"_acf_changed":false},"product_brand":[],"product_cat":[142],"product_tag":[152,282,384,213,377,378,379,237,380],"class_list":{"0":"post-2350","1":"product","2":"type-product","3":"status-publish","4":"has-post-thumbnail","6":"product_cat-foto-en-videolampen","7":"product_tag-camera","8":"product_tag-diving","9":"product_tag-fluoro","10":"product_tag-light","11":"product_tag-photography","12":"product_tag-sea-dragon","13":"product_tag-sealife","14":"product_tag-underwater","15":"product_tag-universal","16":"product_shipping_class-pakket","18":"first","19":"instock","20":"product-type-simple"},"acf":[],"_links":{"self":[{"href":"https:\/\/sealife-cameras.eu\/sv\/wp-json\/wp\/v2\/product\/2350","targetHints":{"allow":["GET"]}}],"collection":[{"href":"https:\/\/sealife-cameras.eu\/sv\/wp-json\/wp\/v2\/product"}],"about":[{"href":"https:\/\/sealife-cameras.eu\/sv\/wp-json\/wp\/v2\/types\/product"}],"replies":[{"embeddable":true,"href":"https:\/\/sealife-cameras.eu\/sv\/wp-json\/wp\/v2\/comments?post=2350"}],"wp:featuredmedia":[{"embeddable":true,"href":"https:\/\/sealife-cameras.eu\/sv\/wp-json\/wp\/v2\/media\/2379"}],"wp:attachment":[{"href":"https:\/\/sealife-cameras.eu\/sv\/wp-json\/wp\/v2\/media?parent=2350"}],"wp:term":[{"taxonomy":"product_brand","embeddable":true,"href":"https:\/\/sealife-cameras.eu\/sv\/wp-json\/wp\/v2\/product_brand?post=2350"},{"taxonomy":"product_cat","embeddable":true,"href":"https:\/\/sealife-cameras.eu\/sv\/wp-json\/wp\/v2\/product_cat?post=2350"},{"taxonomy":"product_tag","embeddable":true,"href":"https:\/\/sealife-cameras.eu\/sv\/wp-json\/wp\/v2\/product_tag?post=2350"}],"curies":[{"name":"wp","href":"https:\/\/api.w.org\/{rel}","templated":true}]}}