{"id":2355,"date":"2024-05-13T09:25:36","date_gmt":"2024-05-13T07:25:36","guid":{"rendered":"https:\/\/modest-cartwright.45-82-188-209.plesk.page\/?post_type=product&#038;p=2355"},"modified":"2024-08-20T12:42:50","modified_gmt":"2024-08-20T10:42:50","slug":"sea-dragon-duo-flash-set","status":"publish","type":"product","link":"https:\/\/sealife-cameras.eu\/sv\/produkt\/sea-dragon-duo-flash-set\/","title":{"rendered":"Sea Dragon Duo Flash Set"},"content":{"rendered":"<p><em>Sea Dragon Duo Flash Set<br \/>\nProduktnummer SL988<\/em><\/p>\n<p><em>OBSERVERA ATT DENNA PRODUKT \u00c4R I BEGR\u00c4NSAT ANTAL.<br \/>\n<\/em><\/p>\n<p><em>Sea Dragon Duo Flash undervattensbelysningsset inneh\u00e5ller tv\u00e5 Sea Dragon-blixtar, Flex-Connect Dual Tray och handtag - f\u00f6r kraftfull belysning som ger fantastiskt ljusa f\u00e4rger p\u00e5 dina undervattensbilder. Genom att minska ljusspridningen bak\u00e5t och eliminera skuggor med dubbelt s\u00e5 h\u00f6g ljusstyrka \u00e4r Duo Flash universellt kompatibel med alla undervattenskameror med en intern blixt och standardstativf\u00e4ste.<br \/>\nSpecifikationer<br \/>\nUniversell undervattensblixt<br \/>\nVariabel effektjustering<br \/>\nEffektivt UW-avst\u00e5nd upp till 8 ft \/ 2,5 m<br \/>\nAutomatiskt inl\u00e4rningsl\u00e4ge synkroniserar enkelt f\u00f6rblinkning<br \/>\nDjupbed\u00f6mning till 200 ft \/ 60 m<\/em><\/p>","protected":false},"excerpt":{"rendered":"<p>Sea Dragon Duo Flash Set Product Nr. SL988 LET OP DIT PRODUCT IS BEPERKT LEVERBAAR. De Sea Dragon Duo Flash onderwater verlichting [&hellip;]<\/p>\n","protected":false},"featured_media":2802,"comment_status":"closed","ping_status":"closed","template":"","meta":{"_acf_changed":false},"product_brand":[],"product_cat":[381],"product_tag":[152,282,197,146,168,252,377,378,379,57,144,237,380],"class_list":{"0":"post-2355","1":"product","2":"type-product","3":"status-publish","4":"has-post-thumbnail","6":"product_cat-flitsers","7":"product_tag-camera","8":"product_tag-diving","9":"product_tag-flash","10":"product_tag-fotografie","11":"product_tag-onderwater","12":"product_tag-onderwaterwereld","13":"product_tag-photography","14":"product_tag-sea-dragon","15":"product_tag-sealife","16":"product_tag-set","17":"product_tag-strobe","18":"product_tag-underwater","19":"product_tag-universal","20":"product_shipping_class-pakket","22":"first","23":"instock","24":"product-type-simple"},"acf":[],"_links":{"self":[{"href":"https:\/\/sealife-cameras.eu\/sv\/wp-json\/wp\/v2\/product\/2355","targetHints":{"allow":["GET"]}}],"collection":[{"href":"https:\/\/sealife-cameras.eu\/sv\/wp-json\/wp\/v2\/product"}],"about":[{"href":"https:\/\/sealife-cameras.eu\/sv\/wp-json\/wp\/v2\/types\/product"}],"replies":[{"embeddable":true,"href":"https:\/\/sealife-cameras.eu\/sv\/wp-json\/wp\/v2\/comments?post=2355"}],"wp:featuredmedia":[{"embeddable":true,"href":"https:\/\/sealife-cameras.eu\/sv\/wp-json\/wp\/v2\/media\/2802"}],"wp:attachment":[{"href":"https:\/\/sealife-cameras.eu\/sv\/wp-json\/wp\/v2\/media?parent=2355"}],"wp:term":[{"taxonomy":"product_brand","embeddable":true,"href":"https:\/\/sealife-cameras.eu\/sv\/wp-json\/wp\/v2\/product_brand?post=2355"},{"taxonomy":"product_cat","embeddable":true,"href":"https:\/\/sealife-cameras.eu\/sv\/wp-json\/wp\/v2\/product_cat?post=2355"},{"taxonomy":"product_tag","embeddable":true,"href":"https:\/\/sealife-cameras.eu\/sv\/wp-json\/wp\/v2\/product_tag?post=2355"}],"curies":[{"name":"wp","href":"https:\/\/api.w.org\/{rel}","templated":true}]}}