{"id":2356,"date":"2024-05-13T09:25:36","date_gmt":"2024-05-13T07:25:36","guid":{"rendered":"https:\/\/modest-cartwright.45-82-188-209.plesk.page\/?post_type=product&#038;p=2356"},"modified":"2024-08-20T12:42:50","modified_gmt":"2024-08-20T10:42:50","slug":"sea-dragon-duo-3000f-flash-set","status":"publish","type":"product","link":"https:\/\/sealife-cameras.eu\/sv\/produkt\/sea-dragon-duo-3000f-flash-set\/","title":{"rendered":"Sea Dragon Duo 3000F blixtupps\u00e4ttning"},"content":{"rendered":"<p><em>Sea Dragon Duo 3000F blixtupps\u00e4ttning<br \/>\nProduktnummer SL690<\/em><\/p>\n<p><em>OBSERVERA ATT DENNA PRODUKT \u00c4R I BEGR\u00c4NSAT ANTAL.<\/em><\/p>\n<p><em>Oavsett om du fotograferar med SeaLife DC2000 eller en annan kamera med inbyggd blixt \u00e4r det h\u00e4r nya Duo Light and Flash-setet det perfekta belysningssystemet. Setet kombinerar den nya Sea Dragon 3000 Auto f\u00f6r videoinspelning och n\u00e4r du tar bilder k\u00e4nner den av blixten och st\u00e4nger av den tillf\u00e4lligt f\u00f6r att ge dig en briljant, skuggfri bild.<\/em><\/p>","protected":false},"excerpt":{"rendered":"<p>Sea Dragon Duo 3000F Flash Set Product Nr. SL690 LET OP DIT PRODUCT IS BEPERKT LEVERBAAR. Of je nu fotografeert met de [&hellip;]<\/p>\n","protected":false},"featured_media":2810,"comment_status":"closed","ping_status":"closed","template":"","meta":{"_acf_changed":false},"product_brand":[],"product_cat":[381],"product_tag":[152,282,197,146,168,252,377,378,379,57,144,237,380],"class_list":{"0":"post-2356","1":"product","2":"type-product","3":"status-publish","4":"has-post-thumbnail","6":"product_cat-flitsers","7":"product_tag-camera","8":"product_tag-diving","9":"product_tag-flash","10":"product_tag-fotografie","11":"product_tag-onderwater","12":"product_tag-onderwaterwereld","13":"product_tag-photography","14":"product_tag-sea-dragon","15":"product_tag-sealife","16":"product_tag-set","17":"product_tag-strobe","18":"product_tag-underwater","19":"product_tag-universal","20":"product_shipping_class-pakket","22":"first","23":"instock","24":"product-type-simple"},"acf":[],"_links":{"self":[{"href":"https:\/\/sealife-cameras.eu\/sv\/wp-json\/wp\/v2\/product\/2356","targetHints":{"allow":["GET"]}}],"collection":[{"href":"https:\/\/sealife-cameras.eu\/sv\/wp-json\/wp\/v2\/product"}],"about":[{"href":"https:\/\/sealife-cameras.eu\/sv\/wp-json\/wp\/v2\/types\/product"}],"replies":[{"embeddable":true,"href":"https:\/\/sealife-cameras.eu\/sv\/wp-json\/wp\/v2\/comments?post=2356"}],"wp:featuredmedia":[{"embeddable":true,"href":"https:\/\/sealife-cameras.eu\/sv\/wp-json\/wp\/v2\/media\/2810"}],"wp:attachment":[{"href":"https:\/\/sealife-cameras.eu\/sv\/wp-json\/wp\/v2\/media?parent=2356"}],"wp:term":[{"taxonomy":"product_brand","embeddable":true,"href":"https:\/\/sealife-cameras.eu\/sv\/wp-json\/wp\/v2\/product_brand?post=2356"},{"taxonomy":"product_cat","embeddable":true,"href":"https:\/\/sealife-cameras.eu\/sv\/wp-json\/wp\/v2\/product_cat?post=2356"},{"taxonomy":"product_tag","embeddable":true,"href":"https:\/\/sealife-cameras.eu\/sv\/wp-json\/wp\/v2\/product_tag?post=2356"}],"curies":[{"name":"wp","href":"https:\/\/api.w.org\/{rel}","templated":true}]}}