{"id":2360,"date":"2024-05-13T09:25:36","date_gmt":"2024-05-13T07:25:36","guid":{"rendered":"https:\/\/modest-cartwright.45-82-188-209.plesk.page\/?post_type=product&#038;p=2360"},"modified":"2025-07-10T15:20:03","modified_gmt":"2025-07-10T13:20:03","slug":"sea-dragon-mini-1300s-power-kit","status":"publish","type":"product","link":"https:\/\/sealife-cameras.eu\/sv\/produkt\/sea-dragon-mini-1300s-power-kit\/","title":{"rendered":"Sea Dragon Mini 1300S str\u00f6mf\u00f6rs\u00f6rjningssats"},"content":{"rendered":"<p><em>Sea Dragon Mini 1300S KIT<br \/>\nProduktnummer SLKIT08<\/em><\/p>\n<p>DENNA VARA FINNS I BEGR\u00c4NSAT ANTAL.<\/p>\n<p>Sea Dragon Mini 1300S Power Kit inneh\u00e5ller den kraftfulla 1300S dyklampan, ett 18650 26mAh-batteri och en USB-laddare. Lampan ger anv\u00e4ndarna en enorm ljusstyrka och en smal 8\u00b0 l\u00e5ngdistansstr\u00e5le. Alla lampfunktioner \u00e4r l\u00e4ttillg\u00e4ngliga med en handkontroll f\u00f6r att v\u00e4xla mellan fem ljusl\u00e4gen.<\/p>\n<p>Specifikationer<\/p>\n<p>Kraftfullt ljus p\u00e5 1300 lumen<br \/>\nDjuptestad till 330 ft \/ 100 m<br \/>\n8\u00b0 smal str\u00e5lningsvinkel<br \/>\nFem ljusl\u00e4gen<br \/>\nH\u00f6lje av anodiserad aluminium<br \/>\nSatsen inneh\u00e5ller batteri och laddare<\/p>","protected":false},"excerpt":{"rendered":"<p>Sea Dragon Mini 1300S KIT Product Nr. SLKIT08 DIT ITEM IS BEPERKT LEVERBAAR. De Sea Dragon Mini 1300S Power Kit bevat de [&hellip;]<\/p>\n","protected":false},"featured_media":2767,"comment_status":"closed","ping_status":"closed","template":"","meta":{"_acf_changed":false},"product_brand":[],"product_cat":[44],"product_tag":[],"class_list":{"0":"post-2360","1":"product","2":"type-product","3":"status-publish","4":"has-post-thumbnail","6":"product_cat-duiklampen","7":"product_shipping_class-pakket","9":"first","10":"instock","11":"product-type-simple"},"acf":[],"_links":{"self":[{"href":"https:\/\/sealife-cameras.eu\/sv\/wp-json\/wp\/v2\/product\/2360","targetHints":{"allow":["GET"]}}],"collection":[{"href":"https:\/\/sealife-cameras.eu\/sv\/wp-json\/wp\/v2\/product"}],"about":[{"href":"https:\/\/sealife-cameras.eu\/sv\/wp-json\/wp\/v2\/types\/product"}],"replies":[{"embeddable":true,"href":"https:\/\/sealife-cameras.eu\/sv\/wp-json\/wp\/v2\/comments?post=2360"}],"wp:featuredmedia":[{"embeddable":true,"href":"https:\/\/sealife-cameras.eu\/sv\/wp-json\/wp\/v2\/media\/2767"}],"wp:attachment":[{"href":"https:\/\/sealife-cameras.eu\/sv\/wp-json\/wp\/v2\/media?parent=2360"}],"wp:term":[{"taxonomy":"product_brand","embeddable":true,"href":"https:\/\/sealife-cameras.eu\/sv\/wp-json\/wp\/v2\/product_brand?post=2360"},{"taxonomy":"product_cat","embeddable":true,"href":"https:\/\/sealife-cameras.eu\/sv\/wp-json\/wp\/v2\/product_cat?post=2360"},{"taxonomy":"product_tag","embeddable":true,"href":"https:\/\/sealife-cameras.eu\/sv\/wp-json\/wp\/v2\/product_tag?post=2360"}],"curies":[{"name":"wp","href":"https:\/\/api.w.org\/{rel}","templated":true}]}}