{"id":2393,"date":"2024-05-13T09:26:02","date_gmt":"2024-05-13T07:26:02","guid":{"rendered":"https:\/\/modest-cartwright.45-82-188-209.plesk.page\/?post_type=product&#038;p=2393"},"modified":"2024-08-20T12:42:49","modified_gmt":"2024-08-20T10:42:49","slug":"micro-3-0","status":"publish","type":"product","link":"https:\/\/sealife-cameras.eu\/sv\/produkt\/micro-3-0\/","title":{"rendered":"Micro 3.0"},"content":{"rendered":"<p><em>Micro 3.0<br \/>\nProduktnummer SL550<\/em><\/p>\n<p>SeaLife introducerar den nya undervattenskameran Micro 3.0, den senaste och tredje generationen av den popul\u00e4ra permanent f\u00f6rseglade Micro-kameraserien. Kameran \u00e4r helt vattent\u00e4t och f\u00f6rseglad. Inga ventiler, lock eller t\u00e4tningar med O-ringar som beh\u00f6ver sm\u00f6rjas eller underh\u00e5llas, s\u00e5 du beh\u00f6ver inte oroa dig f\u00f6r eventuella vattenskador eller \u00f6versv\u00e4mning av kameran. Precis som sina f\u00f6reg\u00e5ngare har Micro 3.0 en ergonomisk, solid och kompakt design med anv\u00e4ndarv\u00e4nliga reglage och menyer.<\/p>\n<p>Kameran har en 16-megapixel Sony\u00ae CMOS-bildsensor och erbjuder 4K ultrah\u00f6guppl\u00f6st video.<br \/>\nMicro 3.0 \u00e4r permanent f\u00f6rseglad och har ett stort batteri med en kapacitet p\u00e5 mer \u00e4n 3 timmar, vilket r\u00e4cker f\u00f6r en hel dags dykning, och har 64 GB internminne f\u00f6r att lagra tusentals foton och m\u00e5nga timmars video fr\u00e5n hela dyksemestern.<\/p>\n<p>Kamerans anv\u00e4ndarv\u00e4nlighet b\u00f6rjar med de tre breda pianotangenterna som \u00e4r l\u00e4tta att n\u00e5 och anv\u00e4nda, \u00e4ven med dykarhandskar p\u00e5. Kamerans intuitiva Easy Setup-funktion guidar dig snabbt och enkelt genom r\u00e4tt inst\u00e4llningar baserat p\u00e5 fotograferingsmilj\u00f6n, sk\u00e4rpedjupet och de exponeringstillbeh\u00f6r som anv\u00e4nds.<\/p>\n<p>Micro 3.0 har inte de f\u00f6rvirrande och kr\u00e5ngliga kamerakontroller som de flesta undervattenskameror har, men den har ett enkelt alternativ f\u00f6r att v\u00e4lja undervattensbilder med manuella vitbalansjusteringar och m\u00f6jlighet att ta bilder i RAW-format, f\u00f6r dem som vill redigera sina bilder senare.<br \/>\nEnklare \u00e4n s\u00e5 h\u00e4r kan det inte bli.<br \/>\nDet inbyggda 100\u00b0 vidvinkelobjektivet g\u00f6r det m\u00f6jligt f\u00f6r dykaren att komma n\u00e4ra motivet samtidigt som allt h\u00e5lls i fokus. Med hj\u00e4lp av exponeringstillbeh\u00f6r som Sealife Sea Dragon videolampor kan motivets undervattensf\u00e4rger visas mycket b\u00e4ttre p\u00e5 bilderna.<br \/>\nMicro 3.0 har en wifi-funktion, s\u00e5 att foton och videor tr\u00e5dl\u00f6st kan visas, laddas ner och delas med en smartphone eller surfplatta med hj\u00e4lp av den kostnadsfria Micro 3+-appen, som finns i Google Play eller Apple App Stores.<br \/>\nMicro har en timelapse-funktion som l\u00e5ter dig ta bilder med fasta tidsintervall och som kan sparas som en videofil eller som en serie stillbilder. Den har ocks\u00e5 ett Quick burst-l\u00e4ge som tar en serie fulluppl\u00f6sta stillbilder med en hastighet av 10 bilder per sekund.<\/p>\n<p>Den stora 2,4K TFT LCD-f\u00e4rgsk\u00e4rmen med 260K uppl\u00f6sning g\u00f6r det enkelt och behagligt att ta och titta p\u00e5 foton och videoklipp med den h\u00e4r kompaktkameran. Kamerans storlek \u00e4r hanterbar, vilket g\u00f6r den l\u00e4tt att b\u00e4ra i jackfickan eller helt enkelt i handen.<br \/>\nL\u00e4ngst ner finns ett stativuttag f\u00f6r att f\u00e4sta tillbeh\u00f6r eller en selfiepinne.<\/p>\n<p>Micro 3.0 kan ut\u00f6kas med olika SeaLife-tillbeh\u00f6r, bland annat Sea Dragon foto-\/videolampor och ett 10x makroobjektiv.<\/p>\n<p>Micro 3.0-kameran levereras med en handledsrem, USB-adapter, 90 cm USB-kabel och kamerav\u00e4ska. Som tillval finns \u00e4ven en \"Screen Shield\" som kan s\u00e4ttas p\u00e5 kamerans displayf\u00f6nster f\u00f6r att skydda det mot fingeravtryck och repor.<\/p>\n<p>Micro 3.0 finns som separat kamera, men ocks\u00e5 i tv\u00e5 kompletta kombinationer av kamera och belysning, den ena med Sea Dragon 3000F Auto Light och den andra med tv\u00e5 Sea Dragon 2500F Lights. B\u00e5da upps\u00e4ttningarna inneh\u00e5ller undervattensvideolampor med en j\u00e4mn, ljusstark och bred ljusk\u00e4gla som ger massor av ljus och f\u00e4rg till b\u00e5de foton och videor.<\/p>","protected":false},"excerpt":{"rendered":"<p>Micro 3.0 Product Nr. SL550 SeaLife introduceert de nieuwe Micro 3.0 onderwatercamera, de nieuwste en derde generatie van de populaire permanent afgesloten [&hellip;]<\/p>\n","protected":false},"featured_media":2771,"comment_status":"closed","ping_status":"closed","template":"","meta":{"_acf_changed":false},"product_brand":[],"product_cat":[387],"product_tag":[152,282,146,389,390,168,252,377,379,237],"class_list":{"0":"post-2393","1":"product","2":"type-product","3":"status-publish","4":"has-post-thumbnail","6":"product_cat-cameras-en-behuizing","7":"product_tag-camera","8":"product_tag-diving","9":"product_tag-fotografie","10":"product_tag-micro","11":"product_tag-micro-3-0","12":"product_tag-onderwater","13":"product_tag-onderwaterwereld","14":"product_tag-photography","15":"product_tag-sealife","16":"product_tag-underwater","17":"product_shipping_class-pakket","19":"first","20":"instock","21":"product-type-simple"},"acf":[],"_links":{"self":[{"href":"https:\/\/sealife-cameras.eu\/sv\/wp-json\/wp\/v2\/product\/2393","targetHints":{"allow":["GET"]}}],"collection":[{"href":"https:\/\/sealife-cameras.eu\/sv\/wp-json\/wp\/v2\/product"}],"about":[{"href":"https:\/\/sealife-cameras.eu\/sv\/wp-json\/wp\/v2\/types\/product"}],"replies":[{"embeddable":true,"href":"https:\/\/sealife-cameras.eu\/sv\/wp-json\/wp\/v2\/comments?post=2393"}],"wp:featuredmedia":[{"embeddable":true,"href":"https:\/\/sealife-cameras.eu\/sv\/wp-json\/wp\/v2\/media\/2771"}],"wp:attachment":[{"href":"https:\/\/sealife-cameras.eu\/sv\/wp-json\/wp\/v2\/media?parent=2393"}],"wp:term":[{"taxonomy":"product_brand","embeddable":true,"href":"https:\/\/sealife-cameras.eu\/sv\/wp-json\/wp\/v2\/product_brand?post=2393"},{"taxonomy":"product_cat","embeddable":true,"href":"https:\/\/sealife-cameras.eu\/sv\/wp-json\/wp\/v2\/product_cat?post=2393"},{"taxonomy":"product_tag","embeddable":true,"href":"https:\/\/sealife-cameras.eu\/sv\/wp-json\/wp\/v2\/product_tag?post=2393"}],"curies":[{"name":"wp","href":"https:\/\/api.w.org\/{rel}","templated":true}]}}