{"id":2404,"date":"2024-05-13T09:26:03","date_gmt":"2024-05-13T07:26:03","guid":{"rendered":"https:\/\/modest-cartwright.45-82-188-209.plesk.page\/?post_type=product&#038;p=2404"},"modified":"2024-08-20T12:42:49","modified_gmt":"2024-08-20T10:42:49","slug":"super-macro-lens-voor-dc-series","status":"publish","type":"product","link":"https:\/\/sealife-cameras.eu\/sv\/produkt\/super-macro-lens-voor-dc-series\/","title":{"rendered":"Supermakroobjektiv f\u00f6r DC-serien"},"content":{"rendered":"<p><em>Supermakroobjektiv f\u00f6r DC-serien<br \/>\nProduktnummer SL976<\/em><\/p>\n<p>Super Macro Lens tar fantastiska makrobilder fr\u00e5n 1,5 till 4 tum (4 cm till 10 cm). Objektivet har en optisk lins med 2 element och antireflexbehandling samt en t\u00e5lig konstruktion i anodiserad aluminium. Makroobjektivet sitter p\u00e5 en 52 mm SeaLife DC-serie opper-objektivfattning. Montera helt enkelt objektivet och st\u00e4ll in kameran p\u00e5 AF- eller makroinst\u00e4llning. Det h\u00e4r 52 mm-objektivet kan ocks\u00e5 monteras p\u00e5 alla undervattenshus med 52 mm monteringsg\u00e4nga.<\/p>\n<p>Specifikationer<\/p>\n<p>F\u00f6r kameror i SeaLife DC-serien<br \/>\nPassar de flesta m\u00e4rken av kameror\/hus<br \/>\nSkjutavst\u00e5nd p\u00e5 1,5\"-4\" \/ 4cm-10cm<br \/>\nUniversell skruvfasts\u00e4ttning av 52 mm<br \/>\nInkluderar DC-adapter f\u00f6r SeaLife-kameror<br \/>\n+10 dioptrier<br \/>\n2-element AR-belagt optiskt glas<br \/>\nDjupbed\u00f6mning till 200 ft \/ 60 m<\/p>","protected":false},"excerpt":{"rendered":"<p>Super Macro Lens voor DC-Series Product Nr. SL976 De Super Macro Lens legt verbluffende macrofoto&#8217;s vast van 1,5 tot 4 inch (4 [&hellip;]<\/p>\n","protected":false},"featured_media":2450,"comment_status":"closed","ping_status":"closed","template":"","meta":{"_acf_changed":false},"product_brand":[],"product_cat":[171],"product_tag":[152,399,282,146,400,53,168,252,377,379,401,237],"class_list":{"0":"post-2404","1":"product","2":"type-product","3":"status-publish","4":"has-post-thumbnail","6":"product_cat-lenzen","7":"product_tag-camera","8":"product_tag-dc-series","9":"product_tag-diving","10":"product_tag-fotografie","11":"product_tag-lenses","12":"product_tag-macro","13":"product_tag-onderwater","14":"product_tag-onderwaterwereld","15":"product_tag-photography","16":"product_tag-sealife","17":"product_tag-super","18":"product_tag-underwater","19":"product_shipping_class-pakket","21":"first","22":"instock","23":"product-type-simple"},"acf":[],"_links":{"self":[{"href":"https:\/\/sealife-cameras.eu\/sv\/wp-json\/wp\/v2\/product\/2404","targetHints":{"allow":["GET"]}}],"collection":[{"href":"https:\/\/sealife-cameras.eu\/sv\/wp-json\/wp\/v2\/product"}],"about":[{"href":"https:\/\/sealife-cameras.eu\/sv\/wp-json\/wp\/v2\/types\/product"}],"replies":[{"embeddable":true,"href":"https:\/\/sealife-cameras.eu\/sv\/wp-json\/wp\/v2\/comments?post=2404"}],"wp:featuredmedia":[{"embeddable":true,"href":"https:\/\/sealife-cameras.eu\/sv\/wp-json\/wp\/v2\/media\/2450"}],"wp:attachment":[{"href":"https:\/\/sealife-cameras.eu\/sv\/wp-json\/wp\/v2\/media?parent=2404"}],"wp:term":[{"taxonomy":"product_brand","embeddable":true,"href":"https:\/\/sealife-cameras.eu\/sv\/wp-json\/wp\/v2\/product_brand?post=2404"},{"taxonomy":"product_cat","embeddable":true,"href":"https:\/\/sealife-cameras.eu\/sv\/wp-json\/wp\/v2\/product_cat?post=2404"},{"taxonomy":"product_tag","embeddable":true,"href":"https:\/\/sealife-cameras.eu\/sv\/wp-json\/wp\/v2\/product_tag?post=2404"}],"curies":[{"name":"wp","href":"https:\/\/api.w.org\/{rel}","templated":true}]}}