{"id":2429,"date":"2024-05-13T09:26:31","date_gmt":"2024-05-13T07:26:31","guid":{"rendered":"https:\/\/modest-cartwright.45-82-188-209.plesk.page\/?post_type=product&#038;p=2429"},"modified":"2024-08-20T12:42:48","modified_gmt":"2024-08-20T10:42:48","slug":"dual-tray-kit","status":"publish","type":"product","link":"https:\/\/sealife-cameras.eu\/sv\/produkt\/dual-tray-kit\/","title":{"rendered":"Sats f\u00f6r dubbla brickor"},"content":{"rendered":"<p><em>Sats f\u00f6r dubbla brickor<br \/>\nProduktnummer SLKIT03<\/em><\/p>\n<p>Komplett med Flex-Connect Dual Tray, tv\u00e5 handtag, tv\u00e5 flexarmar och tv\u00e5 Y-S-adaptrar hj\u00e4lper det h\u00e4r kitet dig att f\u00e5 ut mesta m\u00f6jliga av din undervattenskamera. L\u00e4gg bara till n\u00e4stan vilket kameram\u00e4rke och belysning som helst s\u00e5 \u00e4r du redo att ge dig ut i vattnet. Brickan anv\u00e4nder ett standard \u00bc-20-stativf\u00e4ste f\u00f6r de flesta st\u00f6rre m\u00e4rken av undervattenskameror, och Y-S-adaptern och Flex-Connect-f\u00e4stena passar till ett brett utbud av m\u00e4rken av undervattensbelysning.<\/p>","protected":false},"excerpt":{"rendered":"<p>Dual Tray Kit Product Nr. SLKIT03 Compleet met Flex-Connect Dual Tray, twee Grips, twee Flex Arms en twee Y-S Adapters, deze kit [&hellip;]<\/p>\n","protected":false},"featured_media":2866,"comment_status":"closed","ping_status":"closed","template":"","meta":{"_acf_changed":false},"product_brand":[],"product_cat":[406],"product_tag":[152,282,407,146,292,168,252,377,379,408,237],"class_list":{"0":"post-2429","1":"product","2":"type-product","3":"status-publish","4":"has-post-thumbnail","6":"product_cat-flex-connect-accessoires","7":"product_tag-camera","8":"product_tag-diving","9":"product_tag-flex-connect","10":"product_tag-fotografie","11":"product_tag-kit","12":"product_tag-onderwater","13":"product_tag-onderwaterwereld","14":"product_tag-photography","15":"product_tag-sealife","16":"product_tag-tray","17":"product_tag-underwater","18":"product_shipping_class-pakket","20":"first","21":"instock","22":"product-type-simple"},"acf":[],"_links":{"self":[{"href":"https:\/\/sealife-cameras.eu\/sv\/wp-json\/wp\/v2\/product\/2429","targetHints":{"allow":["GET"]}}],"collection":[{"href":"https:\/\/sealife-cameras.eu\/sv\/wp-json\/wp\/v2\/product"}],"about":[{"href":"https:\/\/sealife-cameras.eu\/sv\/wp-json\/wp\/v2\/types\/product"}],"replies":[{"embeddable":true,"href":"https:\/\/sealife-cameras.eu\/sv\/wp-json\/wp\/v2\/comments?post=2429"}],"wp:featuredmedia":[{"embeddable":true,"href":"https:\/\/sealife-cameras.eu\/sv\/wp-json\/wp\/v2\/media\/2866"}],"wp:attachment":[{"href":"https:\/\/sealife-cameras.eu\/sv\/wp-json\/wp\/v2\/media?parent=2429"}],"wp:term":[{"taxonomy":"product_brand","embeddable":true,"href":"https:\/\/sealife-cameras.eu\/sv\/wp-json\/wp\/v2\/product_brand?post=2429"},{"taxonomy":"product_cat","embeddable":true,"href":"https:\/\/sealife-cameras.eu\/sv\/wp-json\/wp\/v2\/product_cat?post=2429"},{"taxonomy":"product_tag","embeddable":true,"href":"https:\/\/sealife-cameras.eu\/sv\/wp-json\/wp\/v2\/product_tag?post=2429"}],"curies":[{"name":"wp","href":"https:\/\/api.w.org\/{rel}","templated":true}]}}