{"id":2434,"date":"2024-05-13T09:26:32","date_gmt":"2024-05-13T07:26:32","guid":{"rendered":"https:\/\/modest-cartwright.45-82-188-209.plesk.page\/?post_type=product&#038;p=2434"},"modified":"2024-08-20T12:42:47","modified_gmt":"2024-08-20T10:42:47","slug":"ball-joint-adapter-voor-flex-connect","status":"publish","type":"product","link":"https:\/\/sealife-cameras.eu\/sv\/produkt\/ball-joint-adapter-voor-flex-connect\/","title":{"rendered":"Adapter f\u00f6r kulled f\u00f6r Flex-Connect"},"content":{"rendered":"<p><em>Adapter f\u00f6r kulled f\u00f6r Flex-Connect<br \/>\nProduktnummer SL999<\/p>\n<p>Den nya Ball Joint-adaptern f\u00f6r Flex-Connect ansluter alla m\u00e4rken av undervattenslampor som anv\u00e4nder ett standard 1\"\/25 mm Ball Joint-f\u00e4stsystem till Flex-Connects armar, handtag, brickor och kallskof\u00e4sten. Det h\u00e4r kraftiga aluminiumstycket \u00e4r byggt f\u00f6r maximal h\u00e5llbarhet, och som alla Flex-Connect-tillbeh\u00f6r ansluter det praktiskt taget alla m\u00e4rken av undervattenslampor direkt till Flex-Connect med bara ett \"klick\".<\/p>","protected":false},"excerpt":{"rendered":"<p>Ball Joint Adapter voor Flex-Connect Product Nr. SL999 De nieuwe Ball Joint adapter voor Flex-Connect verbindt elk merk onderwaterlicht dat gebruik maakt [&hellip;]<\/p>\n","protected":false},"featured_media":2464,"comment_status":"closed","ping_status":"closed","template":"","meta":{"_acf_changed":false},"product_brand":[],"product_cat":[406],"product_tag":[402,411,152,282,407,146,168,252,377,379,237],"class_list":{"0":"post-2434","1":"product","2":"type-product","3":"status-publish","4":"has-post-thumbnail","6":"product_cat-flex-connect-accessoires","7":"product_tag-adapter","8":"product_tag-ball-joint","9":"product_tag-camera","10":"product_tag-diving","11":"product_tag-flex-connect","12":"product_tag-fotografie","13":"product_tag-onderwater","14":"product_tag-onderwaterwereld","15":"product_tag-photography","16":"product_tag-sealife","17":"product_tag-underwater","18":"product_shipping_class-pakket","20":"first","21":"instock","22":"product-type-simple"},"acf":[],"_links":{"self":[{"href":"https:\/\/sealife-cameras.eu\/sv\/wp-json\/wp\/v2\/product\/2434","targetHints":{"allow":["GET"]}}],"collection":[{"href":"https:\/\/sealife-cameras.eu\/sv\/wp-json\/wp\/v2\/product"}],"about":[{"href":"https:\/\/sealife-cameras.eu\/sv\/wp-json\/wp\/v2\/types\/product"}],"replies":[{"embeddable":true,"href":"https:\/\/sealife-cameras.eu\/sv\/wp-json\/wp\/v2\/comments?post=2434"}],"wp:featuredmedia":[{"embeddable":true,"href":"https:\/\/sealife-cameras.eu\/sv\/wp-json\/wp\/v2\/media\/2464"}],"wp:attachment":[{"href":"https:\/\/sealife-cameras.eu\/sv\/wp-json\/wp\/v2\/media?parent=2434"}],"wp:term":[{"taxonomy":"product_brand","embeddable":true,"href":"https:\/\/sealife-cameras.eu\/sv\/wp-json\/wp\/v2\/product_brand?post=2434"},{"taxonomy":"product_cat","embeddable":true,"href":"https:\/\/sealife-cameras.eu\/sv\/wp-json\/wp\/v2\/product_cat?post=2434"},{"taxonomy":"product_tag","embeddable":true,"href":"https:\/\/sealife-cameras.eu\/sv\/wp-json\/wp\/v2\/product_tag?post=2434"}],"curies":[{"name":"wp","href":"https:\/\/api.w.org\/{rel}","templated":true}]}}