{"id":2482,"date":"2024-05-13T09:26:55","date_gmt":"2024-05-13T07:26:55","guid":{"rendered":"https:\/\/modest-cartwright.45-82-188-209.plesk.page\/?post_type=product&#038;p=2482"},"modified":"2024-08-20T12:42:46","modified_gmt":"2024-08-20T10:42:46","slug":"aquapod-mini","status":"publish","type":"product","link":"https:\/\/sealife-cameras.eu\/sv\/produkt\/aquapod-mini\/","title":{"rendered":"AquaPod Mini"},"content":{"rendered":"<p><em>AquaPod Mini<br \/>\nProduktnummer SL912<\/p>\n<p>Med SeaLife AquaPod Mini kan du placera kameran n\u00e4ra b\u00e5de land- och havsdjur samtidigt som du h\u00e5ller avst\u00e5ndet, och du kan ta det perfekta fotot av dig sj\u00e4lv mitt i all action. Rotera kameran p\u00e5 AquaPod Mini f\u00f6r att enkelt ta sj\u00e4lvportr\u00e4ttfoton. AquaPod Mini \u00e4r enkel att anv\u00e4nda och stabil att h\u00e5lla och kan f\u00f6rl\u00e4ngas fr\u00e5n 39 cm (15,5 tum) till 97 cm (38 tum). Den \u00e4r s\u00e4rskilt resev\u00e4nlig eftersom den hopvikta storleken l\u00e4tt ryms i en resv\u00e4ska eller i handbagaget.<\/p>","protected":false},"excerpt":{"rendered":"<p>AquaPod Mini Product Nr. SL912 Met de SeaLife AquaPod Mini kunt u uw camera dicht bij zowel land- als zeedieren plaatsen terwijl [&hellip;]<\/p>\n","protected":false},"featured_media":2515,"comment_status":"closed","ping_status":"closed","template":"","meta":{"_acf_changed":false},"product_brand":[],"product_cat":[385],"product_tag":[251,433,152,282,146,168,252,377,379,237],"class_list":{"0":"post-2482","1":"product","2":"type-product","3":"status-publish","4":"has-post-thumbnail","6":"product_cat-overige-accessoires","7":"product_tag-accessoires","8":"product_tag-aquapod","9":"product_tag-camera","10":"product_tag-diving","11":"product_tag-fotografie","12":"product_tag-onderwater","13":"product_tag-onderwaterwereld","14":"product_tag-photography","15":"product_tag-sealife","16":"product_tag-underwater","17":"product_shipping_class-pakket","19":"first","20":"instock","21":"product-type-simple"},"acf":[],"_links":{"self":[{"href":"https:\/\/sealife-cameras.eu\/sv\/wp-json\/wp\/v2\/product\/2482","targetHints":{"allow":["GET"]}}],"collection":[{"href":"https:\/\/sealife-cameras.eu\/sv\/wp-json\/wp\/v2\/product"}],"about":[{"href":"https:\/\/sealife-cameras.eu\/sv\/wp-json\/wp\/v2\/types\/product"}],"replies":[{"embeddable":true,"href":"https:\/\/sealife-cameras.eu\/sv\/wp-json\/wp\/v2\/comments?post=2482"}],"wp:featuredmedia":[{"embeddable":true,"href":"https:\/\/sealife-cameras.eu\/sv\/wp-json\/wp\/v2\/media\/2515"}],"wp:attachment":[{"href":"https:\/\/sealife-cameras.eu\/sv\/wp-json\/wp\/v2\/media?parent=2482"}],"wp:term":[{"taxonomy":"product_brand","embeddable":true,"href":"https:\/\/sealife-cameras.eu\/sv\/wp-json\/wp\/v2\/product_brand?post=2482"},{"taxonomy":"product_cat","embeddable":true,"href":"https:\/\/sealife-cameras.eu\/sv\/wp-json\/wp\/v2\/product_cat?post=2482"},{"taxonomy":"product_tag","embeddable":true,"href":"https:\/\/sealife-cameras.eu\/sv\/wp-json\/wp\/v2\/product_tag?post=2482"}],"curies":[{"name":"wp","href":"https:\/\/api.w.org\/{rel}","templated":true}]}}