{"id":2536,"date":"2024-05-13T09:27:28","date_gmt":"2024-05-13T07:27:28","guid":{"rendered":"https:\/\/modest-cartwright.45-82-188-209.plesk.page\/?post_type=product&#038;p=2536"},"modified":"2025-07-10T15:08:04","modified_gmt":"2025-07-10T13:08:04","slug":"sealife-sportdiver-smartphone-behuizing","status":"publish","type":"product","link":"https:\/\/sealife-cameras.eu\/sv\/produkt\/sealife-sportdiver-smartphone-behuizing\/","title":{"rendered":"Sealife SportDiver Smartphone-fodral"},"content":{"rendered":"<p>Sealife Sportdykare<br \/>\nProduktnummer SL400-U<\/p>\n<p>NOTERA ATT DENNA PRODUKT INTE L\u00c4NGRE \u00c4R TILLG\u00c4NGLIG<\/p>\n<p>SeaLife SportDiver undervattensfodral f\u00f6r smartphone<\/p>\n<p>Med detta SeaLife SportDiver-hus kan dykare, snorklare och simmare ta de mest unika undervattensfoton och -videor med din egen smartphone! Hemma i poolen p\u00e5 bakg\u00e5rden, p\u00e5 stranden eller p\u00e5 dykplatsen p\u00e5 diket. Men sj\u00e4lvklart \u00e4ven p\u00e5 semesterorten kan du ta de vackraste bilderna p\u00e5 upp till 40 meters djup.<\/p>\n<p>L\u00e4mplig f\u00f6r:<br \/>\nSportDiver kan anv\u00e4ndas i kombination med olika m\u00e4rken av smartphones. Det \u00e4r b\u00e4st att kontrollera p\u00e5 webbplatsen om din telefon \u00e4r l\u00e4mplig i h\u00f6ljet: <a href=\"https:\/\/www.sealife-cameras.com\/sportdiver-compatibility\/\">https:\/\/www.sealife-cameras.com\/sportdiver-compatibility\/<\/a><\/p>\n<p>H\u00e5llbar:<br \/>\nDet robusta h\u00f6ljet \u00e4r tillverkat av polykarbonat, rostfritt st\u00e5l, aluminium och glas av optisk kvalitet. Och \u00e4ven om SportDiver-h\u00f6ljet \u00e4r \"Heavy Duty\" \u00e4r det inte tungt, det v\u00e4ger bara 641 gram. Det \u00e4r l\u00e4tt att resa med och har n\u00e4stan neutral flytkraft i vatten, beroende p\u00e5 vilken smartphone-modell som anv\u00e4nds.<\/p>\n<p>Smartphone som en kreativ fotokamera:<br \/>\nSportDiver \u00e4r robust att h\u00e5lla i och enkel att anv\u00e4nda. Den har en stor avtryckare och l\u00e4tt\u00e5tkomliga kontrollknappar p\u00e5 baksidan f\u00f6r enkel anv\u00e4ndning, \u00e4ven med dykarhandskar p\u00e5. Kreativa snorklare och dykare kan anv\u00e4nda kameraappens avancerade tillvalsinst\u00e4llningar f\u00f6r att ta sina foton eller videor. Till exempel: zoom, exponering (EV), automatisk\/manuell fokus, vitbalans, f\u00e4rgton, objektivval, RAW + JPEG-l\u00e4ge, livefoto och bakgrundsosk\u00e4rpa (p\u00e5 tillg\u00e4ngliga Smartphone-modeller).<\/p>\n<p>Ingen risk, dubbel s\u00e4kerhet:<br \/>\nS\u00e4kerhet f\u00f6r din telefon framf\u00f6r allt! SportDiver har ett dubbelt l\u00e4ckagelarm, inklusive ett internt fuktlarm OCH ett vakuumtrycklarm, som varnar dig med en sk\u00e4rmdisplay, en ljud- och en LED-signal i den osannolika h\u00e4ndelsen att h\u00f6ljet visar n\u00e5gon form av l\u00e4ckage och fukt uppt\u00e4cks i h\u00f6ljet eller om tryckf\u00f6rlust uppst\u00e5r i h\u00f6ljet. Med den medf\u00f6ljande vakuumpumpen vakuumeras kapslingen till ett undertryck. Den inbyggda tryckm\u00e4taren i h\u00f6ljet ger en visning p\u00e5 smartphonens sk\u00e4rm f\u00f6r att s\u00e4kerst\u00e4lla att h\u00f6ljet har r\u00e4tt undertryck. D\u00e4refter \u00e4r det en mycket kort v\u00e4ntan tills vakuumsystemet indikerar att ingen tryckf\u00f6r\u00e4ndring har \u00e4gt rum, och p\u00e5 s\u00e5 s\u00e4tt vet du att du kan ta med dig setet under vattnet med tillf\u00f6rsikt. H\u00f6ljet \u00e4r f\u00f6rseglat med en TPE O-ring och ett robust kaml\u00e5s som enkelt och s\u00e4kert f\u00f6rseglar den vattent\u00e4ta d\u00f6rren. F\u00f6r att f\u00f6rhindra att insidan av h\u00f6ljet immar igen p\u00e5 grund av fukt rekommenderas att du anv\u00e4nder antiimkapseln \"Moisture Muncher\" f\u00f6r att minimera luftfuktigheten och d\u00e4rmed f\u00f6rhindra intern kondens s\u00e5 mycket som m\u00f6jligt.<\/p>\n<p>Gratis SportDiver-app:<br \/>\nSportDiver-huset anv\u00e4nds tillsammans med den kostnadsfria SeaLife SportDiver-kameraappen.  (Till skillnad fr\u00e5n andra appar f\u00f6r smartphone-hus finns det inga irriterande k\u00f6p i appen eller annonser). Du kan enkelt v\u00e4xla mellan foto- och videol\u00e4ge. SportDiver-appen anv\u00e4nder den smartphonekamerateknik som f\u00f6ljer med varje smartphonemodell. Appen finns tillg\u00e4nglig f\u00f6r b\u00e5de IOS- och Android-telefoner.<\/p>\n<p>Foton och videor \u00e4r l\u00e4ttillg\u00e4ngliga:<br \/>\nI appens uppspelningsl\u00e4ge visas foton och videor i full storlek med en vertikal miniatyrbildsremsa f\u00f6r enkel bl\u00e4ddring genom bilderna. Videor spelas upp automatiskt n\u00e4r de v\u00e4ljs. Alla filer sparas ocks\u00e5 i filmrullen. SportDiver-huset ansluts automatiskt till din smartphone och SportDiver-appen via Bluetooth\u00ae Low Energy (LE) 5 tr\u00e5dl\u00f6s teknik. Inga kablar eller knappar ansluts till telefonen. SportDiver har extremt l\u00e5g str\u00f6mf\u00f6rbrukning f\u00f6r b\u00e5de telefonen och kamerahuset, som drivs med tv\u00e5 AAA-batterier som r\u00e4cker i mer \u00e4n 50 timmar vid kontinuerlig anv\u00e4ndning.<\/p>\n<p>F\u00e4rgkorrigeringsfilter ing\u00e5r:<br \/>\nF\u00f6r b\u00e4ttre bildresultat i tropiskt bl\u00e5tt vatten levereras SportDiver med ett utbytbart f\u00e4rgkorrigeringsfilter som \u00e5terst\u00e4ller naturliga undervattensf\u00e4rger. Filtret kan enkelt f\u00e4stas eller tas bort under vattnet och \u00e4r f\u00f6rsett med en s\u00e4kerhetslina f\u00f6r att f\u00f6rhindra att det tappas bort.<\/p>\n<p>Valfri extern exponering:<br \/>\nSportDiver-h\u00f6ljet har tre 1\/4-20 stativf\u00e4sten som kan monteras p\u00e5 alla lampor eller basplattor med standardstativg\u00e4ngor, t.ex. SeaLifes egen serie Sea Dragon undervattenslampor f\u00f6r foto\/video. SeaLife erbjuder ocks\u00e5 kombinationen SportDiver med Sea Dragon-undervattenslampor, SL401 \"SportDiver Pro 2500 Set\".<\/p>\n<p>Universell passform:<br \/>\nF\u00f6r att skydda telefonen \u00e4r SportDiver utrustad med ett fj\u00e4dersystem och greppflikar i gummi som h\u00e5ller Smartphone\u00ae p\u00e5 plats och skyddar mot st\u00f6tar. Detta g\u00f6r det ocks\u00e5 mycket enkelt att byta Smartphone-modell i fodralet.<\/p>\n<p>Artikelbeskrivning GMP<br \/>\nSL400-U SportDiver Undervattenshus f\u00f6r smartphone \u20ac 349<br \/>\nSL401 SportDiver Pro 2500 Set med Sea Dragon 2500 undervattenslampa \u20ac 799<\/p>\n<p>Medf\u00f6ljer SeaLife SportDiver, modell SL400-U:<br \/>\nSportDiver undervattensfodral f\u00f6r smartphone<br \/>\nFilter f\u00f6r f\u00e4rgkorrigering under vatten<br \/>\nVakuumpump<br \/>\nGummigreppsflikar (12x sm\u00e5, 12x medelstora och 12x stora)<br \/>\nReserv-O-ringar (1x huvud-O-ring och 1x O-ring f\u00f6r vakuumkontrollport)<br \/>\nSm\u00f6rjmedel f\u00f6r O-ringar<br \/>\nVerktyg f\u00f6r att ta bort O-ringen<br \/>\nLyxigt handledsband med kl\u00e4mma<br \/>\nProvf\u00f6rpackning Moisture Muncher (1 kapsel)<br \/>\nAAA alkaliska batterier (2)<br \/>\nEVA-b\u00e4rfodral<\/p>","protected":false},"excerpt":{"rendered":"<p>Sealife Sportdykare<br \/>\nProduktnummer SL400-U<\/p>\n<p>SeaLife SportDiver undervattensfodral f\u00f6r smartphone<\/p>\n<p>Med detta SeaLife SportDiver-hus kan dykare, snorklare och simmare ta de mest unika undervattensfoton och -videor med din egen smartphone! Hemma i poolen p\u00e5 bakg\u00e5rden, p\u00e5 stranden eller p\u00e5 dykplatsen p\u00e5 diket. Men sj\u00e4lvklart \u00e4ven p\u00e5 semesterorten kan du ta de vackraste bilderna p\u00e5 upp till 40 meters djup.<\/p>\n<p>L\u00e4mplig f\u00f6r:<br \/>\nSportDiver kan anv\u00e4ndas i kombination med olika m\u00e4rken av smartphones. Det \u00e4r b\u00e4st att kontrollera p\u00e5 webbplatsen om din telefon \u00e4r l\u00e4mplig i h\u00f6ljet: <a href=\"https:\/\/www.sealife-cameras.com\/sportdiver-compatibility\/\">https:\/\/www.sealife-cameras.com\/sportdiver-compatibility\/<\/a><\/p>\n<p>H\u00e5llbar:<br \/>\nDet robusta h\u00f6ljet \u00e4r tillverkat av polykarbonat, rostfritt st\u00e5l, aluminium och glas av optisk kvalitet. Och \u00e4ven om SportDiver-h\u00f6ljet \u00e4r \"Heavy Duty\" \u00e4r det inte tungt, det v\u00e4ger bara 641 gram. Det \u00e4r l\u00e4tt att resa med och har n\u00e4stan neutral flytkraft i vatten, beroende p\u00e5 vilken smartphone-modell som anv\u00e4nds.<\/p>\n<p>Smartphone som en kreativ fotokamera:<br \/>\nSportDiver \u00e4r robust att h\u00e5lla i och enkel att anv\u00e4nda. Den har en stor avtryckare och l\u00e4tt\u00e5tkomliga kontrollknappar p\u00e5 baksidan f\u00f6r enkel anv\u00e4ndning, \u00e4ven med dykarhandskar p\u00e5. Kreativa snorklare och dykare kan anv\u00e4nda kameraappens avancerade tillvalsinst\u00e4llningar f\u00f6r att ta sina foton eller videor. Till exempel: zoom, exponering (EV), automatisk\/manuell fokus, vitbalans, f\u00e4rgton, objektivval, RAW + JPEG-l\u00e4ge, livefoto och bakgrundsosk\u00e4rpa (p\u00e5 tillg\u00e4ngliga Smartphone-modeller).<\/p>\n<p>Ingen risk, dubbel s\u00e4kerhet:<br \/>\nS\u00e4kerhet f\u00f6r din telefon framf\u00f6r allt! SportDiver har ett dubbelt l\u00e4ckagelarm, inklusive ett internt fuktlarm OCH ett vakuumtrycklarm, som varnar dig med en sk\u00e4rmdisplay, en ljud- och en LED-signal i den osannolika h\u00e4ndelsen att h\u00f6ljet visar n\u00e5gon form av l\u00e4ckage och fukt uppt\u00e4cks i h\u00f6ljet eller om tryckf\u00f6rlust uppst\u00e5r i h\u00f6ljet. Med den medf\u00f6ljande vakuumpumpen vakuumeras kapslingen till ett undertryck. Den inbyggda tryckm\u00e4taren i h\u00f6ljet ger en visning p\u00e5 smartphonens sk\u00e4rm f\u00f6r att s\u00e4kerst\u00e4lla att h\u00f6ljet har r\u00e4tt undertryck. D\u00e4refter \u00e4r det en mycket kort v\u00e4ntan tills vakuumsystemet indikerar att ingen tryckf\u00f6r\u00e4ndring har \u00e4gt rum, och p\u00e5 s\u00e5 s\u00e4tt vet du att du kan ta med dig setet under vattnet med tillf\u00f6rsikt. H\u00f6ljet \u00e4r f\u00f6rseglat med en TPE O-ring och ett robust kaml\u00e5s som enkelt och s\u00e4kert f\u00f6rseglar den vattent\u00e4ta d\u00f6rren. F\u00f6r att f\u00f6rhindra att insidan av h\u00f6ljet immar igen p\u00e5 grund av fukt rekommenderas att du anv\u00e4nder antiimkapseln \"Moisture Muncher\" f\u00f6r att minimera luftfuktigheten och d\u00e4rmed f\u00f6rhindra intern kondens s\u00e5 mycket som m\u00f6jligt.<\/p>\n<p>Gratis SportDiver-app:<br \/>\nSportDiver-huset anv\u00e4nds tillsammans med den kostnadsfria SeaLife SportDiver-kameraappen.  (Till skillnad fr\u00e5n andra appar f\u00f6r smartphone-hus finns det inga irriterande k\u00f6p i appen eller annonser). Du kan enkelt v\u00e4xla mellan foto- och videol\u00e4ge. SportDiver-appen anv\u00e4nder den smartphonekamerateknik som f\u00f6ljer med varje smartphonemodell. Appen finns tillg\u00e4nglig f\u00f6r b\u00e5de IOS- och Android-telefoner.<\/p>\n<p>Foton och videor \u00e4r l\u00e4ttillg\u00e4ngliga:<br \/>\nI appens uppspelningsl\u00e4ge visas foton och videor i full storlek med en vertikal miniatyrbildsremsa f\u00f6r enkel bl\u00e4ddring genom bilderna. Videor spelas upp automatiskt n\u00e4r de v\u00e4ljs. Alla filer sparas ocks\u00e5 i filmrullen. SportDiver-huset ansluts automatiskt till din smartphone och SportDiver-appen via Bluetooth\u00ae Low Energy (LE) 5 tr\u00e5dl\u00f6s teknik. Inga kablar eller knappar ansluts till telefonen. SportDiver har extremt l\u00e5g str\u00f6mf\u00f6rbrukning f\u00f6r b\u00e5de telefonen och kamerahuset, som drivs med tv\u00e5 AAA-batterier som r\u00e4cker i mer \u00e4n 50 timmar vid kontinuerlig anv\u00e4ndning.<\/p>\n<p>F\u00e4rgkorrigeringsfilter ing\u00e5r:<br \/>\nF\u00f6r b\u00e4ttre bildresultat i tropiskt bl\u00e5tt vatten levereras SportDiver med ett utbytbart f\u00e4rgkorrigeringsfilter som \u00e5terst\u00e4ller naturliga undervattensf\u00e4rger. Filtret kan enkelt f\u00e4stas eller tas bort under vattnet och \u00e4r f\u00f6rsett med en s\u00e4kerhetslina f\u00f6r att f\u00f6rhindra att det tappas bort.<\/p>\n<p>Valfri extern exponering:<br \/>\nSportDiver-h\u00f6ljet har tre 1\/4-20 stativf\u00e4sten som kan monteras p\u00e5 alla lampor eller basplattor med standardstativg\u00e4ngor, t.ex. SeaLifes egen serie Sea Dragon undervattenslampor f\u00f6r foto\/video. SeaLife erbjuder ocks\u00e5 kombinationen SportDiver med Sea Dragon-undervattenslampor, SL401 \"SportDiver Pro 2500 Set\".<\/p>\n<p>Universell passform:<br \/>\nF\u00f6r att skydda telefonen \u00e4r SportDiver utrustad med ett fj\u00e4dersystem och greppflikar i gummi som h\u00e5ller Smartphone\u00ae p\u00e5 plats och skyddar mot st\u00f6tar. Detta g\u00f6r det ocks\u00e5 mycket enkelt att byta Smartphone-modell i fodralet.<\/p>\n<p>Artikelbeskrivning GMP<br \/>\nSL400-U SportDiver Undervattenshus f\u00f6r smartphone \u20ac 349<br \/>\nSL401 SportDiver Pro 2500 Set med Sea Dragon 2500 undervattenslampa \u20ac 799<\/p>\n<p>Medf\u00f6ljer SeaLife SportDiver, modell SL400-U:<br \/>\nSportDiver undervattensfodral f\u00f6r smartphone<br \/>\nFilter f\u00f6r f\u00e4rgkorrigering under vatten<br \/>\nVakuumpump<br \/>\nGummigreppsflikar (12x sm\u00e5, 12x medelstora och 12x stora)<br \/>\nReserv-O-ringar (1x huvud-O-ring och 1x O-ring f\u00f6r vakuumkontrollport)<br \/>\nSm\u00f6rjmedel f\u00f6r O-ringar<br \/>\nVerktyg f\u00f6r att ta bort O-ringen<br \/>\nLyxigt handledsband med kl\u00e4mma<br \/>\nProvf\u00f6rpackning Moisture Muncher (1 kapsel)<br \/>\nAAA alkaliska batterier (2)<br \/>\nEVA-b\u00e4rfodral<\/p>","protected":false},"featured_media":2566,"comment_status":"closed","ping_status":"closed","template":"","meta":{"_acf_changed":false},"product_brand":[],"product_cat":[387],"product_tag":[],"class_list":{"0":"post-2536","1":"product","2":"type-product","3":"status-publish","4":"has-post-thumbnail","6":"product_cat-cameras-en-behuizing","7":"product_shipping_class-pakket","9":"first","10":"instock","11":"shipping-taxable","12":"product-type-simple"},"acf":[],"_links":{"self":[{"href":"https:\/\/sealife-cameras.eu\/sv\/wp-json\/wp\/v2\/product\/2536","targetHints":{"allow":["GET"]}}],"collection":[{"href":"https:\/\/sealife-cameras.eu\/sv\/wp-json\/wp\/v2\/product"}],"about":[{"href":"https:\/\/sealife-cameras.eu\/sv\/wp-json\/wp\/v2\/types\/product"}],"replies":[{"embeddable":true,"href":"https:\/\/sealife-cameras.eu\/sv\/wp-json\/wp\/v2\/comments?post=2536"}],"wp:featuredmedia":[{"embeddable":true,"href":"https:\/\/sealife-cameras.eu\/sv\/wp-json\/wp\/v2\/media\/2566"}],"wp:attachment":[{"href":"https:\/\/sealife-cameras.eu\/sv\/wp-json\/wp\/v2\/media?parent=2536"}],"wp:term":[{"taxonomy":"product_brand","embeddable":true,"href":"https:\/\/sealife-cameras.eu\/sv\/wp-json\/wp\/v2\/product_brand?post=2536"},{"taxonomy":"product_cat","embeddable":true,"href":"https:\/\/sealife-cameras.eu\/sv\/wp-json\/wp\/v2\/product_cat?post=2536"},{"taxonomy":"product_tag","embeddable":true,"href":"https:\/\/sealife-cameras.eu\/sv\/wp-json\/wp\/v2\/product_tag?post=2536"}],"curies":[{"name":"wp","href":"https:\/\/api.w.org\/{rel}","templated":true}]}}