{"id":2547,"date":"2024-05-13T09:27:28","date_gmt":"2024-05-13T07:27:28","guid":{"rendered":"https:\/\/modest-cartwright.45-82-188-209.plesk.page\/?post_type=product&#038;p=2547"},"modified":"2024-08-20T12:42:43","modified_gmt":"2024-08-20T10:42:43","slug":"micro-wide-angle-dome-lens","status":"publish","type":"product","link":"https:\/\/sealife-cameras.eu\/sv\/produkt\/micro-wide-angle-dome-lens\/","title":{"rendered":"Dome-objektiv med mikrovidvinkel"},"content":{"rendered":"<p><em>Dome-objektiv med mikrovidvinkel<\/em><br \/>\n<em>Produktnummer SL052<\/em><\/p>\n<p>Micro Wide Angle Dome Lens f\u00f6r undervattenskameror i Micro Series och ReefMaster RM-4K \u00f6kar kamerans synf\u00e4lt med n\u00e4stan 50% och g\u00f6r det m\u00f6jligt f\u00f6r fotografen att komma tre g\u00e5nger n\u00e4rmare motivet.<br \/>\nMicro Wide Angle Dome Lens design anv\u00e4nder h\u00f6gkvalitativ optik arrangerad i 4-element som ger skarp sk\u00e4rpa fr\u00e5n kant till kant. De inre elementen \u00e4r helt multibelagda optiska glas. Dome-linsen \u00e4r av optisk polykarbonat med h\u00e5rd anti-repbel\u00e4ggning. Objektivet har en effektiv br\u00e4nnvidd p\u00e5 13,3 mm filmekvivalent n\u00e4r det anv\u00e4nds med SeaLife Micro 3.0 och \u00e4r vattent\u00e4tt ner till 60 m.<br \/>\nObjektivet passar alla SeaLife-kameror i Micro-serien (Micro HD, HD+, Micro 2.0, Micro 3.0) och fungerar \u00e4ven med SeaLife ReefMaster RM-4K, vilket \u00f6kar den lilla kamerans inspelningsvinkel till 196\u00b0. Micro Wide Angle Dome Lens \u00f6kar inspelningsvinkeln f\u00f6r Micro 3.0 med 43% till 143\u00b0 (i luften) och g\u00f6r det m\u00f6jligt f\u00f6r anv\u00e4ndaren att komma n\u00e4stan 3x n\u00e4rmare motivet.<br \/>\nMicro Wide Angle Dome Lens \u00e4r en \"v\u00e5tlins\" och kan enkelt s\u00e4ttas p\u00e5 och tas av under vattnet. En l\u00e5sring f\u00f6rhindrar att objektivet oavsiktligt lossnar vid st\u00f6tar eller i gr\u00f6vre vatten. Linsen v\u00e4ger 331 gram och har negativ flytkraft. Ett nyckelband medf\u00f6ljer f\u00f6r att f\u00f6rhindra f\u00f6rlust under vattnet och objektivet kan f\u00e4stas p\u00e5 Lens Caddy (SL091) n\u00e4r det inte anv\u00e4nds.<br \/>\nDet sv\u00e4ngbara motljusskyddet f\u00f6rhindrar o\u00f6nskad bl\u00e4ndning fr\u00e5n extern belysning eller solljus och skyddar kupolobjektivet fr\u00e5n st\u00f6tar och slitage.<\/p>\n<p><strong>Specifikationer<\/strong><\/p>\n<p>- 3x n\u00e4rmare och 43% bredare synf\u00e4lt<br \/>\n- Optisk design korrigerar cylinderdistorsion och f\u00f6rb\u00e4ttrar sk\u00e4rpan fr\u00e5n kant till kant<br \/>\n- 0,7x vidvinkelkonvertering<br \/>\n- Helt flerskiktad optik f\u00f6r maximal ljusgenomsl\u00e4pplighet<br \/>\n- Passar alla SeaLife-kameror i Micro-serien och ReefMaster RM-4K<br \/>\n- Linsen kan enkelt monteras\/tas bort under vatten<br \/>\n- Kan f\u00e4stas p\u00e5 SeaLife-objektivh\u00e5llaren \"Lens Caddy\" (artikel SL091)<br \/>\n- H\u00f6gpresterande precisionsoptik med 4 element (internt optiskt glas)<br \/>\n- Dome-lins i polykarbonat med rept\u00e5lig h\u00e5rd bel\u00e4ggning<br \/>\n- Inkluderar neoprendomlinsskydd, bakre linsskydd och skyddsfodral<br \/>\n- Vattent\u00e4t upp till 60 meter (200ft)<\/p>","protected":false},"excerpt":{"rendered":"<p>Micro Wide Angle Dome Lens Product Nr. SL052 De Micro Wide Angle Dome Lens voor Micro-serie en ReefMaster RM-4K onderwatercamera&#8217;s vergroot het [&hellip;]<\/p>\n","protected":false},"featured_media":2838,"comment_status":"open","ping_status":"closed","template":"","meta":{"_acf_changed":false},"product_brand":[],"product_cat":[171],"product_tag":[251,152,282,146,400,168,252,377,378,379,237,380,170],"class_list":{"0":"post-2547","1":"product","2":"type-product","3":"status-publish","4":"has-post-thumbnail","6":"product_cat-lenzen","7":"product_tag-accessoires","8":"product_tag-camera","9":"product_tag-diving","10":"product_tag-fotografie","11":"product_tag-lenses","12":"product_tag-onderwater","13":"product_tag-onderwaterwereld","14":"product_tag-photography","15":"product_tag-sea-dragon","16":"product_tag-sealife","17":"product_tag-underwater","18":"product_tag-universal","19":"product_tag-wide-angle","20":"product_shipping_class-pakket","22":"first","23":"instock","24":"shipping-taxable","25":"product-type-simple"},"acf":[],"_links":{"self":[{"href":"https:\/\/sealife-cameras.eu\/sv\/wp-json\/wp\/v2\/product\/2547","targetHints":{"allow":["GET"]}}],"collection":[{"href":"https:\/\/sealife-cameras.eu\/sv\/wp-json\/wp\/v2\/product"}],"about":[{"href":"https:\/\/sealife-cameras.eu\/sv\/wp-json\/wp\/v2\/types\/product"}],"replies":[{"embeddable":true,"href":"https:\/\/sealife-cameras.eu\/sv\/wp-json\/wp\/v2\/comments?post=2547"}],"wp:featuredmedia":[{"embeddable":true,"href":"https:\/\/sealife-cameras.eu\/sv\/wp-json\/wp\/v2\/media\/2838"}],"wp:attachment":[{"href":"https:\/\/sealife-cameras.eu\/sv\/wp-json\/wp\/v2\/media?parent=2547"}],"wp:term":[{"taxonomy":"product_brand","embeddable":true,"href":"https:\/\/sealife-cameras.eu\/sv\/wp-json\/wp\/v2\/product_brand?post=2547"},{"taxonomy":"product_cat","embeddable":true,"href":"https:\/\/sealife-cameras.eu\/sv\/wp-json\/wp\/v2\/product_cat?post=2547"},{"taxonomy":"product_tag","embeddable":true,"href":"https:\/\/sealife-cameras.eu\/sv\/wp-json\/wp\/v2\/product_tag?post=2547"}],"curies":[{"name":"wp","href":"https:\/\/api.w.org\/{rel}","templated":true}]}}