{"id":2548,"date":"2024-05-13T09:27:28","date_gmt":"2024-05-13T07:27:28","guid":{"rendered":"https:\/\/modest-cartwright.45-82-188-209.plesk.page\/?post_type=product&#038;p=2548"},"modified":"2024-08-20T12:42:43","modified_gmt":"2024-08-20T10:42:43","slug":"micro-3-0-pro-dual-beam-set","status":"publish","type":"product","link":"https:\/\/sealife-cameras.eu\/sv\/produkt\/micro-3-0-pro-dual-beam-set\/","title":{"rendered":"Micro 3.0 Pro Dual Beam-upps\u00e4ttning"},"content":{"rendered":"<p><em>Micro 3.0 Pro Dual Beam-upps\u00e4ttning <\/em><br \/>\n<em>Produktnummer SL554<\/em><\/p>\n<p>SeaLife Micro 3.0-kameran \u00e4r den senaste och tredje generationen av den popul\u00e4ra permanent f\u00f6rseglade Micro-kameraserien. Den \u00e4r l\u00e4ckages\u00e4ker och har inga O-ringar som beh\u00f6ver sm\u00f6rjas eller underh\u00e5llas, s\u00e5 du beh\u00f6ver aldrig oroa dig f\u00f6r att kameran ska hamna i vatten. Precis som sina f\u00f6reg\u00e5ngare har Micro 3.0 en ergonomisk, kompakt design med anv\u00e4ndarv\u00e4nliga reglage och menyer. Micro 3.0-kameran erbjuder imponerande stillbilder med sin stora SONY\u00ae 16 MP CMOS-sensor och levande 4K Ultra HD-video. Du kan till och med ta 8 MP-foton samtidigt som du spelar in video. Micro 3.0 \u00e4r permanent f\u00f6rseglad och har ett stort batteri p\u00e5 mer \u00e4n 3 timmar, vilket r\u00e4cker f\u00f6r en hel dags dykning, och inbyggt 64 GB minne f\u00f6r att lagra tusentals foton och timmar av video.<\/p>\n<p>Sea Dragon 3000SF Pro Dual Beam har en stor COB LED som levererar 3000 lumen i en j\u00e4mn 120\u00b0 bred ljusk\u00e4gla. Lampan har en imponerande CRI (f\u00e4rg\u00e5tergivningsindex) p\u00e5 90 med en patenterad COB LED-array som efterliknar naturligt solljus (en CRI p\u00e5 100 skulle vara samma sak som naturligt solljus). Spotstr\u00e5len p\u00e5 15\u00b0 har en CRI p\u00e5 70. Lampan har ocks\u00e5 tv\u00e5 88\u00b0 r\u00f6da lysdioder och 180 lumen f\u00f6r nattdykning.<\/p>\n<p>Kamerans anv\u00e4ndarv\u00e4nlighet b\u00f6rjar med de tre breda \"Piano key\"-knapparna som \u00e4r l\u00e4tta att hitta och anv\u00e4nda, \u00e4ven med dykarhandskar p\u00e5. Micro 3.0:s intuitiva Easy Setup-funktion guidar dig snabbt genom de r\u00e4tta inst\u00e4llningarna baserat p\u00e5 fotograferingsmilj\u00f6n, djupet och de ljustillbeh\u00f6r som anv\u00e4nds.<\/p>\n<p>Micro 3.0-anv\u00e4ndare kan f\u00f6rfina sina undervattensbilder med en ny manuell vitbalansjustering och m\u00f6jlighet att ta bilder i RAW-format, f\u00f6r den som vill redigera sina bilder i efterhand. Det inbyggda 100\u00b0 vidvinkelobjektivet g\u00f6r att dykare kan komma n\u00e4ra motivet och samtidigt h\u00e5lla allt i fokus.<\/p>\n<p>Belysningen \u00e4r enkel, anv\u00e4nd Micro 3.0 med Sea Dragon LED-foto-\/videolampor f\u00f6r undervattensbruk (eller andra LED-ljusk\u00e4llor med konstant ljus). Det finns ingen blixt eller kabel f\u00f6r synkronisering med en extern blixt. Sl\u00e5 bara p\u00e5 lampan och justera intensiteten efter motivet, f\u00f6rh\u00e5llandena och avst\u00e5ndet.<\/p>\n<p>Micro 3.0 erbjuder Wi-Fi-delning s\u00e5 att du tr\u00e5dl\u00f6st kan visa, ladda ner och dela foton och videor p\u00e5 en smartphone eller surfplatta med den kostnadsfria SeaLife Micro 3+-appen som finns i Google Play eller Apple App Stores.<\/p>\n<p>Den stora 260K h\u00f6guppl\u00f6sta 2,4-tums TFT LCD-f\u00e4rgsk\u00e4rmen g\u00f6r det enkelt att ta och visa foton och video p\u00e5 den lilla kameran.<\/p>","protected":false},"excerpt":{"rendered":"<p>Micro 3.0 Pro Dual Beam Set Product\u00a0 Nr. SL554 De SeaLife Micro 3.0-camera is de nieuwste en derde generatie van de populaire [&hellip;]<\/p>\n","protected":false},"featured_media":2595,"comment_status":"open","ping_status":"closed","template":"","meta":{"_acf_changed":false},"product_brand":[],"product_cat":[387],"product_tag":[152,213,390,404,377,378,237,466],"class_list":{"0":"post-2548","1":"product","2":"type-product","3":"status-publish","4":"has-post-thumbnail","6":"product_cat-cameras-en-behuizing","7":"product_tag-camera","8":"product_tag-light","9":"product_tag-micro-3-0","10":"product_tag-micro-series","11":"product_tag-photography","12":"product_tag-sea-dragon","13":"product_tag-underwater","14":"product_tag-underwaterphotography","15":"product_shipping_class-pakket","17":"first","18":"instock","19":"shipping-taxable","20":"product-type-simple"},"acf":[],"_links":{"self":[{"href":"https:\/\/sealife-cameras.eu\/sv\/wp-json\/wp\/v2\/product\/2548","targetHints":{"allow":["GET"]}}],"collection":[{"href":"https:\/\/sealife-cameras.eu\/sv\/wp-json\/wp\/v2\/product"}],"about":[{"href":"https:\/\/sealife-cameras.eu\/sv\/wp-json\/wp\/v2\/types\/product"}],"replies":[{"embeddable":true,"href":"https:\/\/sealife-cameras.eu\/sv\/wp-json\/wp\/v2\/comments?post=2548"}],"wp:featuredmedia":[{"embeddable":true,"href":"https:\/\/sealife-cameras.eu\/sv\/wp-json\/wp\/v2\/media\/2595"}],"wp:attachment":[{"href":"https:\/\/sealife-cameras.eu\/sv\/wp-json\/wp\/v2\/media?parent=2548"}],"wp:term":[{"taxonomy":"product_brand","embeddable":true,"href":"https:\/\/sealife-cameras.eu\/sv\/wp-json\/wp\/v2\/product_brand?post=2548"},{"taxonomy":"product_cat","embeddable":true,"href":"https:\/\/sealife-cameras.eu\/sv\/wp-json\/wp\/v2\/product_cat?post=2548"},{"taxonomy":"product_tag","embeddable":true,"href":"https:\/\/sealife-cameras.eu\/sv\/wp-json\/wp\/v2\/product_tag?post=2548"}],"curies":[{"name":"wp","href":"https:\/\/api.w.org\/{rel}","templated":true}]}}