{"id":2580,"date":"2024-05-13T09:27:56","date_gmt":"2024-05-13T07:27:56","guid":{"rendered":"https:\/\/modest-cartwright.45-82-188-209.plesk.page\/?post_type=product&#038;p=2580"},"modified":"2024-08-20T12:42:41","modified_gmt":"2024-08-20T10:42:41","slug":"sea-dragon-3000f-color-boost","status":"publish","type":"product","link":"https:\/\/sealife-cameras.eu\/sv\/produkt\/sea-dragon-3000f-color-boost\/","title":{"rendered":"Sea Dragon 3000F Color Boost\u2122 - f\u00e4rgf\u00f6rst\u00e4rkning"},"content":{"rendered":"<p>Serienummer: SL681<\/p>\n<p>Sea Dragon 3000F med Color Boost\u2122 undervattenslampa f\u00f6r foto och video har flera sp\u00e4nnande funktioner.<\/p>\n<p>Till att b\u00f6rja med har lampan en h\u00f6gkvalitativ COB LED-array som levererar 3000 lumen i en j\u00e4mn 120\u00b0 bred ljusk\u00e4gla och erbjuder ett CRI (f\u00e4rg\u00e5tergivningsindex) p\u00e5 90 som efterliknar naturligt solljus.<\/p>\n<p>Med till\u00e4gget av det nya patents\u00f6kta SeaLife Color Boost\u2122-l\u00e4get ger lampan livfulla f\u00e4rger till undervattensfoton och -videor. Sea Dragon 3000 t\u00e4nds med 3000 lumen vitt ljus med en f\u00e4rgtemperatur p\u00e5 5000K (Kelvin). N\u00e4r SeaLife Color Boost\u2122 \u00e4r aktiverat v\u00e4rms f\u00e4rgtemperaturen upp till 3900K och \u00e5terst\u00e4ller f\u00f6rlorade r\u00f6da f\u00e4rger f\u00f6r en balanserad och f\u00e4rgstark effekt. Effekten \u00e4r omedelbart m\u00e4rkbar, b\u00e5de f\u00f6r \u00f6gat och p\u00e5 kameran i foton eller videor.<\/p>\n<p>En annan funktion \u00e4r lampans stora, r\u00e4fflade vridknapp, som g\u00f6r att anv\u00e4ndaren kan sl\u00e5 p\u00e5 den snabbt och smidigt justera ljusstyrkan fr\u00e5n 300 till 3000 lumen, utan steg eller pl\u00f6tsliga f\u00f6r\u00e4ndringar i ljusintensiteten. En enkel knapptryckning v\u00e4xlar lampan fr\u00e5n enbart vitt ljus till Color Boost-l\u00e4ge. Lampan har ocks\u00e5 ett stealth-l\u00e4ge med enbart r\u00f6tt ljus, d\u00e4r tv\u00e5 r\u00f6da LED-lampor anv\u00e4nds f\u00f6r nattdykning utan att skr\u00e4mma bort marina djur som \u00e4r k\u00e4nsliga f\u00f6r starkt ljus.<\/p>\n<p>Sea Dragon 3000 har ocks\u00e5 n\u00f6dsignall\u00e4gen som blinkar med en SOS-signal eller ett blinkande ljus p\u00e5 1 sekund i mer \u00e4n 20 timmar vid full ljusstyrka. 3000F Color Boost\u2122 \u00e4r l\u00e4ttare och mindre \u00e4n sin bror 5000+ Color Boost\u2122 och anv\u00e4nder SeaLifes egenutvecklade 2-celliga 3400 mAh litiumjonbatteri.<\/p>\n<p><strong>Funktioner:<\/strong><\/p>\n<ul>\n<li>Ett vridreglage f\u00f6r snabb och enkel anv\u00e4ndning. Vrid f\u00f6r att sl\u00e5 p\u00e5\/av och justera ljusstyrkan<\/li>\n<li>Det patents\u00f6kta Color Boost\u2122-l\u00e4get fyller p\u00e5 med f\u00f6rlorat r\u00f6tt f\u00f6r en varm, levande f\u00e4rgeffekt<\/li>\n<li>Kraftfulla 3000 lumen med Bridgelux Gen 8 Vero COB LED-array<\/li>\n<li>60 minuters drifttid vid full effekt<\/li>\n<li>Konstant ljusstyrka - Reglerade kretsar s\u00e5 att ljuset inte d\u00e4mpas n\u00e4r batteriet arbetar.<\/li>\n<li>90 CRI efterliknar naturligt dagsljus.<\/li>\n<li>Enkelt utbyggbar med Flex-Connect\u2122 brickor, grepp- och flexarmar<\/li>\n<li>Snabbkopplingsknapp f\u00f6r att frig\u00f6ra lampan och rikta den mot skrymslen och sv\u00e5r\u00e5tkomliga platser<\/li>\n<li>Den breda spridningsvinkeln p\u00e5 120\u00b0 belyser motivet j\u00e4mnt, utan hotspots. 90\u00b0 under vatten<\/li>\n<li>N\u00f6dl\u00e4get avger en blinkande lampa eller SOS-signal f\u00f6r att varna andra i en n\u00f6dsituation.<\/li>\n<li>Stealth-l\u00e4ge - Endast r\u00f6tt avskr\u00e4cker inte nattaktiva marina djur<\/li>\n<li>Uppskattat djup upp till 100 m<\/li>\n<li>L\u00f6stagbart 25 Wh 3400 mAh Li-Ion-batteri med laddare och internationella kontaktadaptrar ing\u00e5r<\/li>\n<li>Vattent\u00e4tt batterifack skyddar den interna elektroniken \u00e4ven om ljus oavsiktligt tr\u00e4nger in<\/li>\n<li>Inkluderar standardbricka och grepp.<\/li>\n<li>Montering med universalskruv \u00bc-20 passar alla SeaLife-produkter och andra m\u00e4rken<\/li>\n<\/ul>\n<p>Rekommenderat cirkapris: \u20ac 679,00 inkl. moms<\/p>","protected":false},"excerpt":{"rendered":"<p>Serienummer: SL681 De Sea Dragon 3000F met Color Boost\u2122 onderwaterfoto-videolamp biedt verschillende opwindende functies. Om te beginnen is de lamp voorzien van [&hellip;]<\/p>\n","protected":false},"featured_media":2614,"comment_status":"open","ping_status":"closed","template":"","meta":{"_acf_changed":false},"product_brand":[],"product_cat":[142],"product_tag":[391,282,146,168,252,377,378,439,379,57,237,380],"class_list":{"0":"post-2580","1":"product","2":"type-product","3":"status-publish","4":"has-post-thumbnail","6":"product_cat-foto-en-videolampen","7":"product_tag-391","8":"product_tag-diving","9":"product_tag-fotografie","10":"product_tag-onderwater","11":"product_tag-onderwaterwereld","12":"product_tag-photography","13":"product_tag-sea-dragon","14":"product_tag-sea-dragon-lampen","15":"product_tag-sealife","16":"product_tag-set","17":"product_tag-underwater","18":"product_tag-universal","19":"product_shipping_class-pakket","21":"first","22":"instock","23":"featured","24":"shipping-taxable","25":"product-type-simple"},"acf":[],"_links":{"self":[{"href":"https:\/\/sealife-cameras.eu\/sv\/wp-json\/wp\/v2\/product\/2580","targetHints":{"allow":["GET"]}}],"collection":[{"href":"https:\/\/sealife-cameras.eu\/sv\/wp-json\/wp\/v2\/product"}],"about":[{"href":"https:\/\/sealife-cameras.eu\/sv\/wp-json\/wp\/v2\/types\/product"}],"replies":[{"embeddable":true,"href":"https:\/\/sealife-cameras.eu\/sv\/wp-json\/wp\/v2\/comments?post=2580"}],"wp:featuredmedia":[{"embeddable":true,"href":"https:\/\/sealife-cameras.eu\/sv\/wp-json\/wp\/v2\/media\/2614"}],"wp:attachment":[{"href":"https:\/\/sealife-cameras.eu\/sv\/wp-json\/wp\/v2\/media?parent=2580"}],"wp:term":[{"taxonomy":"product_brand","embeddable":true,"href":"https:\/\/sealife-cameras.eu\/sv\/wp-json\/wp\/v2\/product_brand?post=2580"},{"taxonomy":"product_cat","embeddable":true,"href":"https:\/\/sealife-cameras.eu\/sv\/wp-json\/wp\/v2\/product_cat?post=2580"},{"taxonomy":"product_tag","embeddable":true,"href":"https:\/\/sealife-cameras.eu\/sv\/wp-json\/wp\/v2\/product_tag?post=2580"}],"curies":[{"name":"wp","href":"https:\/\/api.w.org\/{rel}","templated":true}]}}