{"id":2584,"date":"2024-05-13T09:27:56","date_gmt":"2024-05-13T07:27:56","guid":{"rendered":"https:\/\/modest-cartwright.45-82-188-209.plesk.page\/?post_type=product&#038;p=2584"},"modified":"2025-01-10T09:10:28","modified_gmt":"2025-01-10T08:10:28","slug":"sealife-sportdiver-ultra","status":"publish","type":"product","link":"https:\/\/sealife-cameras.eu\/sv\/produkt\/sealife-sportdiver-ultra\/","title":{"rendered":"Sealife SportDiver Ultra"},"content":{"rendered":"<p>Artikel nr SL405<\/p>\n<p>SeaLife SportDiver Ultra \u00e4r ett kompakt och l\u00e4tt undervattenshus f\u00f6r smartphones. SportDiver Ultra g\u00f6r det m\u00f6jligt f\u00f6r dykare att ta foton och videor med sina smartphones ner till 40 meters djup. SportDiver har plats f\u00f6r de flesta Android-modeller, inklusive alla st\u00f6rre Samsung S Series Ultra-modeller och Googles Pixel-serie, och de flesta iPhones. Den kostnadsfria SportDiver-appen finns tillg\u00e4nglig i App Store eller Play Store och fungerar med nuvarande och tidigare generationers operativsystem. Kolla in v\u00e5r guide f\u00f6r kompatibilitet och passform f\u00f6r SportDiver: <a href=\"https:\/\/www.sealife-cameras.com\/sportdiver-compatibility\/\">https:\/\/www.sealife-cameras.com\/sportdiver-compatibility\/<\/a><\/p>\n<p>Det robusta h\u00f6ljet \u00e4r tillverkat av polykarbonat, rostfritt st\u00e5l, aluminium och glas av optisk kvalitet. SportDiver Ultra-h\u00f6ljet \u00e4r \"heavy duty\" men inte tungt, v\u00e4ger mindre \u00e4n 808 gram, \u00e4r l\u00e4tt att resa med och ger en n\u00e4stan neutral flytkraft i vatten, beroende p\u00e5 vilken smartphone-modell som anv\u00e4nds.<\/p>\n<p>SportDiver Ultra \u00e4r l\u00e4tt att h\u00e5lla i och anv\u00e4nda och har en stor tryckknapp och kontrollknappar p\u00e5 baksidan f\u00f6r enkel anv\u00e4ndning, \u00e4ven med dykarhandskar. Snorklare och dykare kan bli mer kreativa med sina foton eller videoinspelningar med hj\u00e4lp av avancerade kamerainst\u00e4llningar*. Justera zoom, exponering (EV), automatisk\/manuell fokus, vitbalans, f\u00e4rgton, objektivval, RAW+JPEG-l\u00e4ge och videostabilisering (p\u00e5 tillg\u00e4ngliga telefonmodeller)*.<\/p>\n<p>SportDiver Ultra-huset inkluderar den kostnadsfria SportDiver-appen; till skillnad fr\u00e5n andra husappar f\u00f6r smartphones finns det inga irriterande k\u00f6p i appen eller annonser. Du v\u00e4xlar enkelt mellan foto- och videol\u00e4ge. SportDiver-appen drar nytta av din telefons kamerateknik som \u00e4r specifik f\u00f6r varje telefonmodell*. Appen st\u00f6der nuvarande och tidigare versioner av operativsystem, appen uppdateras i enlighet med nya versioner av operativsystem.<\/p>\n<p>Appens uppspelningsl\u00e4ge visar foton och videor i full storlek med en vertikal miniatyrbildsremsa, vilket g\u00f6r det enkelt att hitta dina bilder. Videor spelas upp automatiskt n\u00e4r de v\u00e4ljs. Alla filer sparas ocks\u00e5 i telefonens filmrulle. SportDiver Ultra-h\u00f6ljet ansluts automatiskt till din smartphone och SportDiver-appen via Bluetooth\u00ae Low Energy (LE) 5 tr\u00e5dl\u00f6s teknik. Det finns inga kablar eller knappar som r\u00f6r telefonen och str\u00f6mf\u00f6rbrukningen \u00e4r extremt l\u00e5g f\u00f6r b\u00e5de telefonen och h\u00f6ljet, som drivs av tv\u00e5 AAA-batterier som r\u00e4cker till mer \u00e4n 50 timmars kontinuerlig anv\u00e4ndning.<\/p>\n<p>F\u00f6r b\u00e4ttre bildresultat levereras SportDiver Ultra med ett avtagbart f\u00e4rgkorrigeringsfilter f\u00f6r undervattensbruk, som \u00e5terst\u00e4ller naturliga undervattensf\u00e4rger. Det r\u00f6da filtret kan enkelt monteras eller tas bort under vattnet och har en s\u00e4kerhetslina f\u00f6r att f\u00f6rhindra att det tappas bort. SportDiver Ultra-h\u00f6ljet levereras med sju 1\/4-20 stativf\u00e4sten som kan monteras p\u00e5 alla lampor eller flex connect-brickor med standardstativg\u00e4ngor, t.ex. SeaLifes sortiment av Sea Dragon undervattensfoto-\/videolampor.<\/p>\n<p>F\u00f6r att skydda telefonen har SportDiver Ultra en robust fj\u00e4der och greppflikar i gummi som h\u00e5ller smarttelefonen s\u00e4kert p\u00e5 plats och skyddar mot st\u00f6tar. SportDiver Ultra har \"Dual Leak Alarms\", inklusive ett internt fuktlarm och ett vakuumtrycklarm som varnar dykaren med varningar p\u00e5 sk\u00e4rmen, ljud och LED-signaler i den osannolika h\u00e4ndelsen att den vattent\u00e4ta t\u00e4tningen \u00e4ventyras och det blir tryckf\u00f6rlust i v\u00e4skan eller fukt uppt\u00e4cks. D\u00f6rren till SportDiver Ultra \u00e4r f\u00f6rseglad med en TPE O-ring och en robust kaml\u00e5st\u00e4tning som enkelt och s\u00e4kert l\u00e5ser den vattent\u00e4ta d\u00f6rren. F\u00f6r att f\u00f6rhindra imma p\u00e5 insidan p\u00e5 grund av kvarvarande fukt anv\u00e4nder SportDiver Ultra antiimkapseln \"Moisture Muncher\" som f\u00f6rhindrar imma och intern kondens.<\/p>\n<p>*Viktigt: Vissa inst\u00e4llningar kanske inte \u00e4r tillg\u00e4ngliga beroende p\u00e5 telefonens m\u00e4rke\/modell. Beroende p\u00e5 motstridiga inst\u00e4llningar kan inst\u00e4llningar blockeras eller vara otillg\u00e4ngliga. Inst\u00e4llningen Portr\u00e4tt (bakgrundsosk\u00e4rpa) \u00e4r t.ex. endast tillg\u00e4nglig p\u00e5 iPhones med flera linser. Inst\u00e4llningen Lens selection kanske inte inneh\u00e5ller alla tillg\u00e4ngliga telefonlinser; Telephoto-linsen \u00e4r inte tillg\u00e4nglig f\u00f6r Android-telefoner. Kontrollera App Store och Play Store f\u00f6r uppdateringar av SportDiver-appen.<\/p>\n<p>&nbsp;<\/p>\n<p><strong>Specifikationer<\/strong><br \/>\nSportDiver Ultra fodral f\u00f6r smartphone<\/p>\n<p>Gratis appnamn: SportDiver i App &amp; Play Stores<br \/>\nKompatibla telefoner: Fungerar med iPhone\u00ae, Samsung Galaxy och de flesta Max- och Ultra-format. Se kompatibilitetstabellen.<br \/>\nDjupklassning: 40 m<br \/>\nStr\u00f6mf\u00f6rs\u00f6rjning: 2x AAA-batterier (alkaliska eller NiMH)<br \/>\nBatteritid: 50 timmar<br \/>\nTv\u00e5 LED-indikatorer: Tryckindikator f\u00f6r l\u00e4ckagelarm: Blinkar gr\u00f6nt n\u00e4r inget vakuumtryck appliceras; Kontinuerligt gr\u00f6nt n\u00e4r vakuumtrycket \u00e4r OK; Blinkar r\u00f6tt n\u00e4r ett l\u00e4ckage uppt\u00e4cks Status f\u00f6r str\u00f6mf\u00f6rs\u00f6rjning\/tr\u00e5dl\u00f6s anslutning: Bl\u00e5tt blinkande n\u00e4r den \u00e4r p\u00e5slagen och inte tr\u00e5dl\u00f6st ansluten; Kontinuerligt bl\u00e5tt n\u00e4r den \u00e4r p\u00e5slagen och tr\u00e5dl\u00f6st ansluten<br \/>\nTr\u00e5dl\u00f6s teknik: Bluetooth\u00ae Low Energy (LE)<br \/>\nAppens spr\u00e5k: engelska<br \/>\nManual: Inkluderar tryckt manual p\u00e5 engelska. Spanska, tyska, franska, italienska och nederl\u00e4ndska spr\u00e5k kan laddas ner fr\u00e5n SeaLifes webbplats<br \/>\nReglage: Slutare, l\u00e4ge, upp (zoom\/fokus +), ner (zoom\/fokus -), uppspelning och kamerainst\u00e4llningar<br \/>\ndriftstemperatur: 1\u00b0C till 38\u00b0C<br \/>\nF\u00f6rvaringstemperatur: 1\u00b0C till 38\u00b0C<br \/>\nO-ring: Huvud-O-ring (1): TPE-gummimaterial O-ringar f\u00f6r vakuumkontrollport (2): silikongummimaterial Obs: O-ringar kr\u00e4ver silikonsm\u00f6rjmedel (medf\u00f6ljer). Reservdelsnummer f\u00f6r O-ringssats \u00e4r SL40010.<br \/>\nObjektivport: objektivport av optiskt glas med antireflexbel\u00e4ggning p\u00e5 den inre linsytan. Linsramen g\u00f6r det m\u00f6jligt att montera ett f\u00e4rgkorrigeringsfilter under vattnet.<br \/>\nLCD-f\u00f6nster: Fullsk\u00e4rmsf\u00f6nster av polykarbonat med optisk kvalitet (sk\u00e4rmskydd tillg\u00e4ngligt - s\u00e4ljs separat)<br \/>\nStativf\u00e4ste: sju standard \u00bc-20 stativg\u00e4ngor f\u00f6r fasts\u00e4ttning av tillbeh\u00f6r<br \/>\nSladd: SeaLife lyxig vadderad sladd med vridbar f\u00e4stkl\u00e4mma<br \/>\nMaterial: h\u00f6lje i polykarbonat med metallbeslag i rostfritt st\u00e5l 304-316 och h\u00e5rdanodiserad aluminium i T6061-klass<br \/>\nDimensioner: Utv\u00e4ndigt: 213,1 mm x 125,7 mm x 54,8 mm. Inv\u00e4ndigt: 165 mm x 80 mm x 9,7 mm<br \/>\nVikt: 808 g Endast UW-hus - utan batterier, filter, Moisture Muncher 680 g Endast UW-hus - med batterier, filter, Moisture Muncher, 10x med. greppflikar<br \/>\nFlytkraft: Positiv 150,4 g Endast UW-h\u00f6lje - med batterier, r\u00f6tt filter och Moisture Muncher Dra av vikten fr\u00e5n telefonen f\u00f6r att ber\u00e4kna UW:s totala flytkraft i havsvatten<br \/>\nGaranti: 1 \u00e5rs begr\u00e4nsad garanti eller l\u00e4ngre beroende p\u00e5 lokala myndighetsbest\u00e4mmelser<br \/>\nCertifiering: CE, ROHS, FCC (FCC ID: 2ACKF-SL405)<br \/>\nUrsprungsland: designad\/konceptualiserad i USA, tillverkad i Kina<br \/>\nSportDiver-app f\u00f6r iOS<\/p>\n<p>Appkompatibilitet: St\u00f6der smartphones med nuvarande och tidigare operativsystem installerade, vilket kan komma att \u00e4ndras enligt Apple eller Google<br \/>\nL\u00e4gen: Foto - tar en bild med varje tryck p\u00e5 slutaren Video - tryck p\u00e5 slutaren f\u00f6r att starta\/stoppa videoinspelning Inst\u00e4llningar - justera kamerans inst\u00e4llningar (se nedan) Uppspelning - visa foton och videor<br \/>\niOS-inst\u00e4llningar: Objektiv: V\u00e4lj ett eller flera objektiv (beroende p\u00e5 telefonmodell)<br \/>\nFokus: automatisk eller manuell<br \/>\nVitbalans (WB): automatisk eller manuell (3000K till 8000K) i steg om 100K<br \/>\nF\u00e4rgton: +150 till -150 f\u00e4rgton i steg om 10 enheter<br \/>\nExponeringsv\u00e4rde (EV): -3,0 upp till +3,0 i steg om 0,3 steg<br \/>\nBildformat: JPEG (.jpg), RAW (.dng) och JPEG + RAW<br \/>\nProRAW (.dng) tillg\u00e4nglig med iPhone 12\/13\/14\/15 Pro\/ProMax och h\u00f6gre<br \/>\nProRAW-uppl\u00f6sning: 12 MP eller 48 MP (48 MP endast tillg\u00e4ngligt p\u00e5 iPhone 14\/15 Pro\/ProMax)<br \/>\nVideouppl\u00f6sning: ProRes, 4K, 1080p eller 720p (ProRes endast p\u00e5 iPhone 13\/14\/15 Pro\/ProMax)<br \/>\nEnergibesparing: Av, 1 min, 2 min eller 5 min (tryck p\u00e5 valfri knapp f\u00f6r att v\u00e4cka)<br \/>\nSk\u00e4rmens ljusstyrka: fr\u00e5n 10% till 100%<br \/>\nL\u00e4ckagelarm: P\u00e5 eller Av (ljudlarm och varningsmeddelande n\u00e4r en l\u00e4cka uppt\u00e4cks)<br \/>\nData p\u00e5 sk\u00e4rmen: visar exponeringsinst\u00e4llningar (kan sl\u00e5s p\u00e5 eller av)<br \/>\nAndroid-inst\u00e4llningar: Objektiv: V\u00e4lj ett eller flera objektiv (beroende p\u00e5 telefonmodell)<br \/>\nSlutartid: automatisk eller manuell (1\/30 sek till 1\/2000 sek)<br \/>\nISO: automatisk eller manuell (50 till 3200)<br \/>\nExponeringsv\u00e4rde (EV): -3,0 upp till +3,0 i steg om 0,3 steg<br \/>\nFokus: automatisk eller manuell<br \/>\nVitbalans (WB): Automatisk, Manuell, UW djup, UW grund, Dagsljus, Molnigt<br \/>\nManuell vitbalans: (2000K till 1000K) i steg om 100K<br \/>\nF\u00e4rgeffekter: Off, Svartvitt, Negativ, Sepia<br \/>\n3-Shot Burst: tar 3 bilder inom 1 sekund<br \/>\nFotouppl\u00f6sning: V\u00e4lj en av de tillg\u00e4ngliga inst\u00e4llningarna f\u00f6r fotouppl\u00f6sning<br \/>\nVideouppl\u00f6sning: 4K, 1080p eller 720p<br \/>\nStabilisering: P\u00e5 eller Av (g\u00e4ller endast videoinspelning)<br \/>\nRAW+JPEG: P\u00e5 eller Av F\u00e5nga RAW (.dng) plus JPEG (.jpg) bildfiler<br \/>\nEnergibesparing: Av, 1 min, 2 min eller 5 min (tryck p\u00e5 valfri knapp f\u00f6r att v\u00e4cka)<br \/>\nSk\u00e4rmens ljusstyrka: fr\u00e5n 10% till 100%<br \/>\nL\u00e4ckagelarm: P\u00e5 eller Av (ljudlarm och varningsmeddelande n\u00e4r en l\u00e4cka uppt\u00e4cks)<br \/>\nData p\u00e5 sk\u00e4rmen: visar exponeringsinst\u00e4llningar (kan sl\u00e5s p\u00e5 eller av)<br \/>\nSystem\u00e5terst\u00e4llning: \u00e5terst\u00e4ller fabriksinst\u00e4llningarna<\/p>\n<p>Viktigt: Vissa inst\u00e4llningar kanske inte \u00e4r tillg\u00e4ngliga beroende p\u00e5 telefonens m\u00e4rke\/modell.<br \/>\nVissa inst\u00e4llningar blockeras (\u00e4r inte tillg\u00e4ngliga) beroende p\u00e5 andra motstridiga inst\u00e4llningar.<\/p>\n<p>Inst\u00e4llningen f\u00f6r objektivval kanske inte omfattar alla tillg\u00e4ngliga telefonobjektiv.<\/p>\n<p>Telelens \u00e4r tillg\u00e4ngligt f\u00f6r Android-telefoner.<\/p>\n<p>Kontrollera Apple App Store och Google Play Store f\u00f6r uppdateringar av SportDiver-appen.<\/p>\n<p>Raderingsfunktion: Ja - tryck tv\u00e5 g\u00e5nger p\u00e5 OK-knappen f\u00f6r att radera den valda filen i uppspelningsl\u00e4get<br \/>\nIndikator f\u00f6r batteriniv\u00e5: Visar \u00e5terst\u00e5ende batteritid f\u00f6r telefonen och undervattensh\u00f6ljet<br \/>\nZoom: Ja - Zoomomf\u00e5nget varierar beroende p\u00e5 telefonmodell<br \/>\nFilens plats: Foton och videor sparas i telefonens app Foton f\u00f6r redigering och delning<\/p>","protected":false},"excerpt":{"rendered":"<p>Itemnr. SL405 De SeaLife SportDiver Ultra is een compact en lichtgewicht onderwaterhuis voor smartphones. Met de SportDiver Ultra-behuizing kunnen duikers foto&#8217;s en [&hellip;]<\/p>\n","protected":false},"featured_media":2645,"comment_status":"open","ping_status":"closed","template":"","meta":{"_acf_changed":false},"product_brand":[],"product_cat":[387],"product_tag":[151,451,168,252,377,379,454,459,460,237,380],"class_list":{"0":"post-2584","1":"product","2":"type-product","3":"status-publish","4":"has-post-thumbnail","6":"product_cat-cameras-en-behuizing","7":"product_tag-behuizing","8":"product_tag-cases","9":"product_tag-onderwater","10":"product_tag-onderwaterwereld","11":"product_tag-photography","12":"product_tag-sealife","13":"product_tag-sportdiver","14":"product_tag-sportdiver-ultra","15":"product_tag-ultra","16":"product_tag-underwater","17":"product_tag-universal","18":"product_shipping_class-pakket","20":"first","21":"instock","22":"featured","23":"shipping-taxable","24":"product-type-simple"},"acf":[],"_links":{"self":[{"href":"https:\/\/sealife-cameras.eu\/sv\/wp-json\/wp\/v2\/product\/2584","targetHints":{"allow":["GET"]}}],"collection":[{"href":"https:\/\/sealife-cameras.eu\/sv\/wp-json\/wp\/v2\/product"}],"about":[{"href":"https:\/\/sealife-cameras.eu\/sv\/wp-json\/wp\/v2\/types\/product"}],"replies":[{"embeddable":true,"href":"https:\/\/sealife-cameras.eu\/sv\/wp-json\/wp\/v2\/comments?post=2584"}],"wp:featuredmedia":[{"embeddable":true,"href":"https:\/\/sealife-cameras.eu\/sv\/wp-json\/wp\/v2\/media\/2645"}],"wp:attachment":[{"href":"https:\/\/sealife-cameras.eu\/sv\/wp-json\/wp\/v2\/media?parent=2584"}],"wp:term":[{"taxonomy":"product_brand","embeddable":true,"href":"https:\/\/sealife-cameras.eu\/sv\/wp-json\/wp\/v2\/product_brand?post=2584"},{"taxonomy":"product_cat","embeddable":true,"href":"https:\/\/sealife-cameras.eu\/sv\/wp-json\/wp\/v2\/product_cat?post=2584"},{"taxonomy":"product_tag","embeddable":true,"href":"https:\/\/sealife-cameras.eu\/sv\/wp-json\/wp\/v2\/product_tag?post=2584"}],"curies":[{"name":"wp","href":"https:\/\/api.w.org\/{rel}","templated":true}]}}