{"id":2597,"date":"2024-05-13T09:28:20","date_gmt":"2024-05-13T07:28:20","guid":{"rendered":"https:\/\/modest-cartwright.45-82-188-209.plesk.page\/?post_type=product&#038;p=2597"},"modified":"2025-01-10T09:12:05","modified_gmt":"2025-01-10T08:12:05","slug":"sealife-sportdiver-ultra-2500-set","status":"publish","type":"product","link":"https:\/\/sealife-cameras.eu\/sv\/produkt\/sealife-sportdiver-ultra-2500-set\/","title":{"rendered":"Sealife SportDiver Ultra 2500-upps\u00e4ttning"},"content":{"rendered":"<p>SportDiver Ultra 2500 Set<br \/>\nProduktnummer SL406<\/p>\n<p>SeaLife SportDiver Ultra Pro 2500 Set \u00e4r ett kompakt och l\u00e4tt undervattenshus f\u00f6r smartphones med den kraftfulla, f\u00e4rgf\u00f6rst\u00e4rkande Sea Dragon 2500 foto- och videolampan. Med SportDiver Ultra-h\u00f6ljet kan dykare ta foton och videor med sina smartphones ner till 40 meters djup. SportDiver Ultra passar de flesta Android-modeller, inklusive alla st\u00f6rre Samsung S Series Ultra-modeller och Googles Pixel-serie, och de flesta Iphones. Kolla in v\u00e5r guide f\u00f6r kompatibilitet och passform f\u00f6r SportDiver: <a href=\"https:\/\/www.sealife-cameras.com\/sportdiver-compatibility\/\">https:\/\/www.sealife-cameras.com\/sportdiver-compatibility\/<\/a> f\u00f6r att se om din telefon passar i den. Den kostnadsfria SportDiver-appen finns i App Store eller Play Store och fungerar med nuvarande och tidigare generationers operativsystem.<\/p>\n<p>Det robusta h\u00f6ljet \u00e4r tillverkat av polykarbonat, rostfritt st\u00e5l, aluminium och glas av optisk kvalitet. SportDiver Ultra-h\u00f6ljet \u00e4r \"heavy duty\", men inte tungt. Med en vikt p\u00e5 808 gram \u00e4r det l\u00e4tt att resa med och ger en n\u00e4stan neutral flytkraft i vatten, beroende p\u00e5 vilken smartphonemodell som anv\u00e4nds. Sea Dragon 2500 v\u00e4ger 623 gram, komplett med batteri, grepp och bricka. Det kan enkelt monteras eller tas bort beroende p\u00e5 dina ljusbehov.<\/p>\n<p>SportDiver Ultra \u00e4r l\u00e4tt att h\u00e5lla i och anv\u00e4nda och har en stor avtryckare och bakre kontrollknappar f\u00f6r enkel anv\u00e4ndning, \u00e4ven med dykarhandskar. Snorklare och dykare kan bli mer kreativa med sina foton eller videoinspelningar med hj\u00e4lp av avancerade kamerainst\u00e4llningar*. Justera zoom, exponering (EV), automatisk\/manuell fokus, vitbalans, nyans, objektivval, RAW+JPEG-l\u00e4ge och videostabilisering (p\u00e5 tillg\u00e4ngliga telefonmodeller)*.<\/p>\n<p>Starkt ljus f\u00f6r fantastiska f\u00e4rger<br \/>\nSea Dragon 2500 anv\u00e4nder COB LED-teknik med platt panel f\u00f6r att exakt efterlikna naturligt solljus och framh\u00e4va fantastiska f\u00e4rger i undervattensfoton och -videor. Med ett f\u00e4rg\u00e5tergivningsindex p\u00e5 90 l\u00f6ser Sea Dragon 2500 problemet med d\u00e4mpade f\u00e4rger i undervattensfoton och -videor.<\/p>\n<p>SportDiver Ultra-huset inkluderar den kostnadsfria SportDiver-appen; till skillnad fr\u00e5n andra husappar f\u00f6r smartphones finns det inga irriterande k\u00f6p i appen eller annonser. Du v\u00e4xlar enkelt mellan foto- och videol\u00e4ge. SportDiver-appen drar nytta av din telefons kamerateknik som \u00e4r specifik f\u00f6r varje telefonmodell*. Appen st\u00f6der nuvarande och tidigare versioner av operativsystem, appen uppdateras i enlighet med nya versioner av operativsystem.<\/p>\n<p>Appens uppspelningsl\u00e4ge visar foton och videor i full storlek med en vertikal miniatyrbildsremsa, vilket g\u00f6r det enkelt att hitta dina bilder. Videor spelas upp automatiskt n\u00e4r de v\u00e4ljs. Alla filer sparas ocks\u00e5 i telefonens filmrulle. SportDiver Ultra-h\u00f6ljet ansluts automatiskt till din smartphone och SportDiver-appen via Bluetooth\u00ae Low Energy (LE) 5 tr\u00e5dl\u00f6s teknik. Det finns inga kablar eller knappar som r\u00f6r telefonen och str\u00f6mf\u00f6rbrukningen \u00e4r extremt l\u00e5g f\u00f6r b\u00e5de telefonen och h\u00f6ljet, som drivs av tv\u00e5 AAA-batterier som r\u00e4cker till mer \u00e4n 50 timmars kontinuerlig anv\u00e4ndning.<\/p>\n<p>F\u00f6r b\u00e4ttre bildresultat levereras SportDiver Ultra med ett avtagbart f\u00e4rgkorrigeringsfilter f\u00f6r undervattensbruk, som \u00e5terst\u00e4ller naturliga undervattensf\u00e4rger. Det r\u00f6da filtret kan enkelt s\u00e4ttas p\u00e5 eller tas av under vattnet och har en s\u00e4kerhetslina f\u00f6r att f\u00f6rhindra att det tappas bort.<\/p>\n<p>SportDiver Ultra-h\u00f6ljet har sju 1\/4-20 stativf\u00e4sten som kan monteras p\u00e5 alla lampor med standardg\u00e4nga f\u00f6r stativ, t.ex. SeaLifes serie Sea Dragon undervattenslampor f\u00f6r foto\/video.<\/p>\n<p>F\u00f6r att skydda telefonen har SportDiver Ultra en robust fj\u00e4der och greppflikar i gummi som h\u00e5ller smarttelefonen s\u00e4kert p\u00e5 plats och skyddar mot st\u00f6tar. SportDiver Ultra har \"Dual Leak Alarms\", inklusive ett internt fuktlarm och ett vakuumtrycklarm som varnar dykaren med varningar p\u00e5 sk\u00e4rmen, ljud och LED-signaler i den osannolika h\u00e4ndelsen att den vattent\u00e4ta t\u00e4tningen \u00e4ventyras och det blir tryckf\u00f6rlust i v\u00e4skan eller fukt uppt\u00e4cks. D\u00f6rren till SportDiver Ultra \u00e4r f\u00f6rseglad med en TPE O-ring och en robust kaml\u00e5st\u00e4tning som enkelt och s\u00e4kert l\u00e5ser den vattent\u00e4ta d\u00f6rren. F\u00f6r att f\u00f6rhindra imma p\u00e5 insidan p\u00e5 grund av kvarvarande fukt anv\u00e4nder SportDiver Ultra antiimkapseln \"Moisture Muncher\" som f\u00f6rhindrar imma och intern kondens.<\/p>\n<p>*Viktigt: Vissa inst\u00e4llningar kanske inte \u00e4r tillg\u00e4ngliga beroende p\u00e5 telefonens m\u00e4rke\/modell. Beroende p\u00e5 motstridiga inst\u00e4llningar kan inst\u00e4llningar blockeras eller vara otillg\u00e4ngliga. Inst\u00e4llningen Portr\u00e4tt (bakgrundsosk\u00e4rpa) \u00e4r t.ex. endast tillg\u00e4nglig p\u00e5 iPhones med flera linser. Inst\u00e4llningen Lens selection kanske inte inneh\u00e5ller alla tillg\u00e4ngliga telefonlinser; Telephoto-linsen \u00e4r inte tillg\u00e4nglig f\u00f6r Android-telefoner. Kontrollera App Store och Play Store f\u00f6r uppdateringar av SportDiver-appen.<\/p>","protected":false},"excerpt":{"rendered":"<p>SportDiver Ultra 2500 Set Product Nr. SL406 De SeaLife SportDiver Ultra Pro 2500 Set is een compacte en lichtgewicht onderwaterbehuizing voor smartphones [&hellip;]<\/p>\n","protected":false},"featured_media":2780,"comment_status":"open","ping_status":"closed","template":"","meta":{"_acf_changed":false},"product_brand":[],"product_cat":[387],"product_tag":[152,146,168,252,377,378,439,379,454,459,461,460,237,380],"class_list":{"0":"post-2597","1":"product","2":"type-product","3":"status-publish","4":"has-post-thumbnail","6":"product_cat-cameras-en-behuizing","7":"product_tag-camera","8":"product_tag-fotografie","9":"product_tag-onderwater","10":"product_tag-onderwaterwereld","11":"product_tag-photography","12":"product_tag-sea-dragon","13":"product_tag-sea-dragon-lampen","14":"product_tag-sealife","15":"product_tag-sportdiver","16":"product_tag-sportdiver-ultra","17":"product_tag-sportdiver-ultra-2500-set","18":"product_tag-ultra","19":"product_tag-underwater","20":"product_tag-universal","21":"product_shipping_class-pakket","23":"first","24":"instock","25":"shipping-taxable","26":"product-type-simple"},"acf":[],"_links":{"self":[{"href":"https:\/\/sealife-cameras.eu\/sv\/wp-json\/wp\/v2\/product\/2597","targetHints":{"allow":["GET"]}}],"collection":[{"href":"https:\/\/sealife-cameras.eu\/sv\/wp-json\/wp\/v2\/product"}],"about":[{"href":"https:\/\/sealife-cameras.eu\/sv\/wp-json\/wp\/v2\/types\/product"}],"replies":[{"embeddable":true,"href":"https:\/\/sealife-cameras.eu\/sv\/wp-json\/wp\/v2\/comments?post=2597"}],"wp:featuredmedia":[{"embeddable":true,"href":"https:\/\/sealife-cameras.eu\/sv\/wp-json\/wp\/v2\/media\/2780"}],"wp:attachment":[{"href":"https:\/\/sealife-cameras.eu\/sv\/wp-json\/wp\/v2\/media?parent=2597"}],"wp:term":[{"taxonomy":"product_brand","embeddable":true,"href":"https:\/\/sealife-cameras.eu\/sv\/wp-json\/wp\/v2\/product_brand?post=2597"},{"taxonomy":"product_cat","embeddable":true,"href":"https:\/\/sealife-cameras.eu\/sv\/wp-json\/wp\/v2\/product_cat?post=2597"},{"taxonomy":"product_tag","embeddable":true,"href":"https:\/\/sealife-cameras.eu\/sv\/wp-json\/wp\/v2\/product_tag?post=2597"}],"curies":[{"name":"wp","href":"https:\/\/api.w.org\/{rel}","templated":true}]}}