{"id":2885,"date":"2024-07-02T14:00:05","date_gmt":"2024-07-02T12:00:05","guid":{"rendered":"https:\/\/sealife-cameras.eu\/?post_type=product&#038;p=2885"},"modified":"2024-08-20T12:42:40","modified_gmt":"2024-08-20T10:42:40","slug":"o-ring-set-voor-sportdiver-ultra-behuizing-2","status":"publish","type":"product","link":"https:\/\/sealife-cameras.eu\/sv\/produkt\/o-ring-set-voor-sportdiver-ultra-behuizing-2\/","title":{"rendered":"O-ringssats f\u00f6r SportDiver Ultra-hus"},"content":{"rendered":"<p>O-ringssats f\u00f6r SportDiver Ultra-hus<br \/>\nProduktnummer : SL40510<\/p>\n<p>Ers\u00e4ttnings-O-ringssats f\u00f6r SportDiver Ultra undervattenshus f\u00f6r smartphone<\/p>","protected":false},"excerpt":{"rendered":"<p>O-ringssats f\u00f6r SportDiver Ultra-hus Produktnr: SL40510 Ers\u00e4ttnings-O-ringssats f\u00f6r SportDiver Ultra-hus f\u00f6r smartphone under vatten<\/p>","protected":false},"featured_media":2871,"comment_status":"open","ping_status":"closed","template":"","meta":{"_acf_changed":false},"product_brand":[],"product_cat":[343,344],"product_tag":[],"class_list":{"0":"post-2885","1":"product","2":"type-product","3":"status-publish","4":"has-post-thumbnail","6":"product_cat-spare-parts","7":"product_cat-sportdiver","8":"product_shipping_class-pakket","10":"first","11":"instock","12":"shipping-taxable","13":"purchasable","14":"product-type-simple"},"acf":[],"_links":{"self":[{"href":"https:\/\/sealife-cameras.eu\/sv\/wp-json\/wp\/v2\/product\/2885","targetHints":{"allow":["GET"]}}],"collection":[{"href":"https:\/\/sealife-cameras.eu\/sv\/wp-json\/wp\/v2\/product"}],"about":[{"href":"https:\/\/sealife-cameras.eu\/sv\/wp-json\/wp\/v2\/types\/product"}],"replies":[{"embeddable":true,"href":"https:\/\/sealife-cameras.eu\/sv\/wp-json\/wp\/v2\/comments?post=2885"}],"wp:featuredmedia":[{"embeddable":true,"href":"https:\/\/sealife-cameras.eu\/sv\/wp-json\/wp\/v2\/media\/2871"}],"wp:attachment":[{"href":"https:\/\/sealife-cameras.eu\/sv\/wp-json\/wp\/v2\/media?parent=2885"}],"wp:term":[{"taxonomy":"product_brand","embeddable":true,"href":"https:\/\/sealife-cameras.eu\/sv\/wp-json\/wp\/v2\/product_brand?post=2885"},{"taxonomy":"product_cat","embeddable":true,"href":"https:\/\/sealife-cameras.eu\/sv\/wp-json\/wp\/v2\/product_cat?post=2885"},{"taxonomy":"product_tag","embeddable":true,"href":"https:\/\/sealife-cameras.eu\/sv\/wp-json\/wp\/v2\/product_tag?post=2885"}],"curies":[{"name":"wp","href":"https:\/\/api.w.org\/{rel}","templated":true}]}}