{"id":3197,"date":"2025-01-10T09:59:43","date_gmt":"2025-01-10T08:59:43","guid":{"rendered":"https:\/\/sealife-cameras.eu\/?post_type=product&#038;p=3197"},"modified":"2025-01-10T11:01:51","modified_gmt":"2025-01-10T10:01:51","slug":"sea-dragon-2300f","status":"publish","type":"product","link":"https:\/\/sealife-cameras.eu\/sv\/produkt\/sea-dragon-2300f\/","title":{"rendered":"Sea Dragon 2300F"},"content":{"rendered":"<p>Sea Dragon 2300<br \/>\nProduktnummer SL682<\/p>\n<p>2300 lumen med 80 minuters drifttid<\/p>\n<p>Sea Dragon 2300F-ljuskitet erbjuder mycket gynnsam f\u00e4rgtemperatur och f\u00e4rg\u00e5tergivning under vatten. Det \u00e4r utformat f\u00f6r actionkameror, smartphones och kompakta digitalkameror som beh\u00f6ver en bra ljusk\u00e4lla f\u00f6r att kunna ta f\u00e4rgstarka bilder och videor under vattnet. Sea Dragon 2300F \u00e4r s\u00e4rskilt anv\u00e4ndbart f\u00f6r actionkameror och inkluderar Flex-Connect Grip, Micro Tray och ett actionkameraf\u00e4ste. Lampan har ett imponerande CRI (Colour Rendering Index) p\u00e5 80 med en f\u00e4rgtemperatur p\u00e5 5000K, vilket g\u00f6r den idealisk f\u00f6r undervattensfotografering och -video. Med en l\u00e5ng drifttid p\u00e5 80 minuter vid full effekt kan du g\u00f6ra flera dyk utan att ladda batteriet.<\/p>\n<p>Bred str\u00e5lningsvinkel<\/p>\n<p>Sea Dragon 2300F (F:et st\u00e5r f\u00f6r Flood beam) har en spridningsvinkel p\u00e5 120\u00b0 ovan jord, 90\u00b0 under vatten och har tre effektniv\u00e5er p\u00e5 100%, 50% och 25% av 2300 lumen. Den breda spridningsvinkeln \u00e4r idealisk f\u00f6r kompakta actionkameror, eftersom den s\u00e4kerst\u00e4ller att hela det omr\u00e5de som ska filmas blir upplyst. Precis som alla SeaLife Sea Dragon-lampor \u00e4r prestandan och ljusfl\u00f6det tillf\u00f6rlitligt och testat.<\/p>\n<p>Enkelt utbyggbar<\/p>\n<p>Sea Dragon 2300F \u00e4r l\u00e4tt att bygga ut med SeaLifes Flex-Connect-system med brickor, handtag, armar och adaptrar. Sea Dragon 2300 kan anslutas till alla undervattenskamerasystem som anv\u00e4nder standard \u00bc-20 stativ- eller actionkameraf\u00e4sten. Flex-Connect kulleds-, YS- och kallskof\u00e4sten finns tillg\u00e4ngliga, vilket g\u00f6r 2300 kompatibel med praktiskt taget alla undervattenskamerasystem.<\/p>\n<p>Funktioner:<\/p>\n<ul>\n<li>Kraftfull LED-lampa med 2300 lumen. Senaste COB LED-array-tekniken. Verkliga, labbtestade lumen och inte \"teoretiska\" lumen som anges av de flesta andra tillverkare.<\/li>\n<li>Enknappskontroll f\u00f6r enkel anv\u00e4ndning. En knapp f\u00f6r att t\u00e4nda\/sl\u00e4cka lampan och v\u00e4lja ljusstyrka.<\/li>\n<li>Tre ljusstyrkeniv\u00e5er: 100%, 50% och 25%.<\/li>\n<li>L\u00e4ge f\u00f6r dold n\u00f6dsignal. Blinkintervall p\u00e5 1 sekund och SOS morsekod. Tryck och h\u00e5ll in str\u00f6mknappen i 4 sekunder f\u00f6r att aktivera.<\/li>\n<li>60 minuters drifttid vid full effekt.<\/li>\n<li>Konstant ljusstyrka - Reglerad v\u00e4xling s\u00e5 att ljuset inte d\u00e4mpas n\u00e4r lampan \u00e4r batteridriven.<\/li>\n<li>80 Colour Rendering Index (CRI) efterliknar naturligt dagsljus.<\/li>\n<li>L\u00e4tt att bygga ut med Flex-Connect\u2122 brickor, handtag, armar, kallskor, kulleder och Y-S-adaptrar.<\/li>\n<li>120\u00b0 bred str\u00e5lningsvinkel belyser motivet j\u00e4mnt utan hotspots.<\/li>\n<li>Djuptestad till 100 m (330 ft) - garanterat.<\/li>\n<li>Korrosionsbest\u00e4ndigt lamphuvud i metall f\u00f6r v\u00e4rmeavledning och h\u00e5llbarhet.<\/li>\n<li>L\u00f6stagbart 25 W Li-Ion-batteri med laddare och internationella kontaktadaptrar ing\u00e5r.<\/li>\n<li>Vattent\u00e4tt batterifack - \u00e4ven om O-ringst\u00e4tningen skulle g\u00e5 s\u00f6nder \u00e4r batterifacket isolerat s\u00e5 att vatten inte kan n\u00e5 den interna elektroniken.<\/li>\n<li>Skyddskretsar - Lampan och batteriet har integrerade skyddskretsar som st\u00e4nger av str\u00f6mmen i den osannolika h\u00e4ndelsen att lampan \u00f6verhettas eller kortsluts.<\/li>\n<li>S\u00e4kerhetsventil f\u00f6r tryckavlastning - vattent\u00e4t env\u00e4gsventil som avlastar trycket i batterifacket om batteriet mot f\u00f6rmodan skulle sluta fungera.<\/li>\n<\/ul>","protected":false},"excerpt":{"rendered":"<p>Sea Dragon 2300 Product Nr. SL682 2300 lumen met 80 minuten looptijd De Sea Dragon 2300F-lichtset biedt een zeer gunstige kleurtemperatuur en [&hellip;]<\/p>\n","protected":false},"featured_media":3211,"comment_status":"open","ping_status":"closed","template":"","meta":{"_acf_changed":false},"product_brand":[],"product_cat":[142],"product_tag":[282,146,213,168,252,377,378,439,237,380],"class_list":{"0":"post-3197","1":"product","2":"type-product","3":"status-publish","4":"has-post-thumbnail","6":"product_cat-foto-en-videolampen","7":"product_tag-diving","8":"product_tag-fotografie","9":"product_tag-light","10":"product_tag-onderwater","11":"product_tag-onderwaterwereld","12":"product_tag-photography","13":"product_tag-sea-dragon","14":"product_tag-sea-dragon-lampen","15":"product_tag-underwater","16":"product_tag-universal","18":"first","19":"instock","20":"featured","21":"shipping-taxable","22":"product-type-simple"},"acf":[],"_links":{"self":[{"href":"https:\/\/sealife-cameras.eu\/sv\/wp-json\/wp\/v2\/product\/3197","targetHints":{"allow":["GET"]}}],"collection":[{"href":"https:\/\/sealife-cameras.eu\/sv\/wp-json\/wp\/v2\/product"}],"about":[{"href":"https:\/\/sealife-cameras.eu\/sv\/wp-json\/wp\/v2\/types\/product"}],"replies":[{"embeddable":true,"href":"https:\/\/sealife-cameras.eu\/sv\/wp-json\/wp\/v2\/comments?post=3197"}],"wp:featuredmedia":[{"embeddable":true,"href":"https:\/\/sealife-cameras.eu\/sv\/wp-json\/wp\/v2\/media\/3211"}],"wp:attachment":[{"href":"https:\/\/sealife-cameras.eu\/sv\/wp-json\/wp\/v2\/media?parent=3197"}],"wp:term":[{"taxonomy":"product_brand","embeddable":true,"href":"https:\/\/sealife-cameras.eu\/sv\/wp-json\/wp\/v2\/product_brand?post=3197"},{"taxonomy":"product_cat","embeddable":true,"href":"https:\/\/sealife-cameras.eu\/sv\/wp-json\/wp\/v2\/product_cat?post=3197"},{"taxonomy":"product_tag","embeddable":true,"href":"https:\/\/sealife-cameras.eu\/sv\/wp-json\/wp\/v2\/product_tag?post=3197"}],"curies":[{"name":"wp","href":"https:\/\/api.w.org\/{rel}","templated":true}]}}