{"id":3292,"date":"2025-04-02T13:54:35","date_gmt":"2025-04-02T11:54:35","guid":{"rendered":"https:\/\/sealife-cameras.eu\/?post_type=product&#038;p=3292"},"modified":"2025-08-07T12:36:16","modified_gmt":"2025-08-07T10:36:16","slug":"micro-3-0-met-bijna-gratis-sea-dragon-2300-lamp","status":"publish","type":"product","link":"https:\/\/sealife-cameras.eu\/sv\/produkt\/micro-3-0-met-bijna-gratis-sea-dragon-2300-lamp\/","title":{"rendered":"Micro 3.0 med (n\u00e4stan) gratis Sea Dragon 2300-lampa"},"content":{"rendered":"<p><em>Micro 3.0 med (n\u00e4stan) gratis Sea Dragon 2300-lampa<\/em><br \/>\n<em>Produktnummer SL556<\/em><\/p>\n<p>Under en begr\u00e4nsad tid erbjuder SeaLife Micro 3.0 Camera &amp; Light Limited Edition Gift Set, som inneh\u00e5ller den nya Sea Dragon 2300F Photo Video Light. Den nya lampan har en exceptionell f\u00e4rg\u00e5tergivning p\u00e5 80 (CRI) och en f\u00e4rgtemperatur p\u00e5 5000K (Kelvin), med en l\u00e5ng drifttid p\u00e5 80 minuter vid full effekt. Kameran och lampan \u00e4r f\u00f6rmonterade och kan anv\u00e4ndas n\u00e4stan omedelbart efter laddning.<\/p>\n<p>Undervattenskameran Micro 3.0 \u00e4r den senaste och tredje generationen av den popul\u00e4ra permanent f\u00f6rseglade Micro-kameraserien. Kameran \u00e4r helt vattent\u00e4tt f\u00f6rseglad. Inga ventiler, lock eller t\u00e4tningar med O-ringar som beh\u00f6ver sm\u00f6rjas eller underh\u00e5llas, s\u00e5 du beh\u00f6ver inte oroa dig f\u00f6r eventuella vattenskador eller \u00f6versv\u00e4mning av kameran. Precis som sina f\u00f6reg\u00e5ngare har Micro 3.0 en ergonomisk, solid men \u00e4nd\u00e5 kompakt design med anv\u00e4ndarv\u00e4nliga reglage och menyer.<\/p>\n<p>Sea Dragon 2300F-ljuskitet erbjuder mycket gynnsam f\u00e4rgtemperatur och f\u00e4rg\u00e5tergivning under vatten. Det \u00e4r utformat f\u00f6r actionkameror, smartphones och kompakta digitalkameror som beh\u00f6ver en bra ljusk\u00e4lla f\u00f6r att kunna ta f\u00e4rgstarka bilder och videor under vattnet. Sea Dragon 2300F \u00e4r s\u00e4rskilt anv\u00e4ndbart f\u00f6r actionkameror och inkluderar Flex-Connect Grip, Micro Tray och ett actionkameraf\u00e4ste. Lampan har ett imponerande CRI (Colour Rendering Index) p\u00e5 80 med en f\u00e4rgtemperatur p\u00e5 5000K, vilket g\u00f6r den idealisk f\u00f6r undervattensfotografering och -video. Med en l\u00e5ng drifttid p\u00e5 80 minuter vid full effekt kan du g\u00f6ra flera dyk utan att ladda batteriet<\/p>","protected":false},"excerpt":{"rendered":"<p>Micro 3.0 met (bijna) gratis Sea Dragon 2300 lamp Product nr. SL556 Voor een beperkte tijd biedt SeaLife de Micro 3.0 Camera [&hellip;]<\/p>\n","protected":false},"featured_media":3485,"comment_status":"open","ping_status":"closed","template":"","meta":{"_acf_changed":false},"product_brand":[],"product_cat":[387],"product_tag":[],"class_list":{"0":"post-3292","1":"product","2":"type-product","3":"status-publish","4":"has-post-thumbnail","6":"product_cat-cameras-en-behuizing","8":"first","9":"instock","10":"featured","11":"shipping-taxable","12":"product-type-simple"},"acf":[],"_links":{"self":[{"href":"https:\/\/sealife-cameras.eu\/sv\/wp-json\/wp\/v2\/product\/3292","targetHints":{"allow":["GET"]}}],"collection":[{"href":"https:\/\/sealife-cameras.eu\/sv\/wp-json\/wp\/v2\/product"}],"about":[{"href":"https:\/\/sealife-cameras.eu\/sv\/wp-json\/wp\/v2\/types\/product"}],"replies":[{"embeddable":true,"href":"https:\/\/sealife-cameras.eu\/sv\/wp-json\/wp\/v2\/comments?post=3292"}],"wp:featuredmedia":[{"embeddable":true,"href":"https:\/\/sealife-cameras.eu\/sv\/wp-json\/wp\/v2\/media\/3485"}],"wp:attachment":[{"href":"https:\/\/sealife-cameras.eu\/sv\/wp-json\/wp\/v2\/media?parent=3292"}],"wp:term":[{"taxonomy":"product_brand","embeddable":true,"href":"https:\/\/sealife-cameras.eu\/sv\/wp-json\/wp\/v2\/product_brand?post=3292"},{"taxonomy":"product_cat","embeddable":true,"href":"https:\/\/sealife-cameras.eu\/sv\/wp-json\/wp\/v2\/product_cat?post=3292"},{"taxonomy":"product_tag","embeddable":true,"href":"https:\/\/sealife-cameras.eu\/sv\/wp-json\/wp\/v2\/product_tag?post=3292"}],"curies":[{"name":"wp","href":"https:\/\/api.w.org\/{rel}","templated":true}]}}